{"id":134,"date":"2025-05-07T09:44:56","date_gmt":"2025-05-07T07:44:56","guid":{"rendered":"https:\/\/math-hempel.pl\/wordpress\/?page_id=134"},"modified":"2025-06-14T10:32:14","modified_gmt":"2025-06-14T08:32:14","slug":"kontakt","status":"publish","type":"page","link":"https:\/\/math-hempel.pl\/index.php\/kontakt\/","title":{"rendered":"Kontakt"},"content":{"rendered":"\t\t<div data-elementor-type=\"wp-page\" data-elementor-id=\"134\" class=\"elementor elementor-134\">\n\t\t\t\t<div class=\"elementor-element elementor-element-613efdc e-flex e-con-boxed e-con e-parent\" data-id=\"613efdc\" data-element_type=\"container\" data-e-type=\"container\" data-settings=\"{&quot;background_background&quot;:&quot;classic&quot;}\">\n\t\t\t\t\t<div class=\"e-con-inner\">\n\t\t\t\t<div class=\"elementor-element elementor-element-12aa79e elementor-widget elementor-widget-spacer\" data-id=\"12aa79e\" data-element_type=\"widget\" data-e-type=\"widget\" data-widget_type=\"spacer.default\">\n\t\t\t\t<div class=\"elementor-widget-container\">\n\t\t\t\t\t\t\t<div class=\"elementor-spacer\">\n\t\t\t<div class=\"elementor-spacer-inner\"><\/div>\n\t\t<\/div>\n\t\t\t\t\t\t<\/div>\n\t\t\t\t<\/div>\n\t\t\t\t<div class=\"elementor-element elementor-element-36e068b elementor-widget elementor-widget-heading\" data-id=\"36e068b\" data-element_type=\"widget\" data-e-type=\"widget\" data-widget_type=\"heading.default\">\n\t\t\t\t<div class=\"elementor-widget-container\">\n\t\t\t\t\t<h2 class=\"elementor-heading-title elementor-size-default\">Kontakt<\/h2>\t\t\t\t<\/div>\n\t\t\t\t<\/div>\n\t\t\t\t\t<\/div>\n\t\t\t\t<\/div>\n\t\t<div class=\"elementor-element elementor-element-dabd21e e-con-full e-flex e-con e-parent\" data-id=\"dabd21e\" data-element_type=\"container\" data-e-type=\"container\" data-settings=\"{&quot;background_background&quot;:&quot;classic&quot;}\">\n\t\t\t\t<div class=\"elementor-element elementor-element-bc96f92 elementor-widget__width-initial elementor-widget elementor-widget-html\" data-id=\"bc96f92\" data-element_type=\"widget\" data-e-type=\"widget\" data-widget_type=\"html.default\">\n\t\t\t\t<div class=\"elementor-widget-container\">\n\t\t\t\t\t<style>\r\n  .mail-form .form-container {\r\n    margin: auto;\r\n    background-color: #ffffff;\r\n    padding: 2rem;\r\n    border-radius: 15px;\r\n    box-shadow: 0 4px 12px rgba(0, 0, 0, 0.1);\r\n    max-width: 600px;\r\n    width: 100%;\r\n    box-sizing: border-box;\r\n  }\r\n.mail-form .form-container {\r\n  height: 550px; \r\n  display: flex;\r\n  flex-direction: column;\r\n  justify-content: space-between;\r\n}\r\n  .mail-form iframe.map {\r\n    width: 100%;\r\n    height: 600px;\r\n    border: 0;\r\n    border-radius: 10px;\r\n    box-shadow: 0 0px 2px 0 rgba(0, 0, 0, 0.2), 0 0px 25px 0 rgba(0, 0, 0, 0.19);\r\n    box-sizing: border-box;\r\n  }\r\n<\/style>\r\n\r\n<div class=\"mail-form\">\r\n  <div class=\"container\">\r\n  \r\n    <iframe\r\n      class=\"map\"\r\n      src=\"https:\/\/www.google.com\/maps\/embed?pb=!1m18!1m12!1m3!1d2556.9876986715785!2d18.772706712721796!3d50.14266197141641!2m3!1f0!2f0!3f0!3m2!1i1024!2i768!4f13.1!3m3!1m2!1s0x47114bc0f1c0e08f%3A0xb3c9abb83e831ce2!2smath-hempel%20Patryk%20Hempel!5e0!3m2!1spl!2spl!4v1749744859803!5m2!1spl!2spl\"\r\n      allowfullscreen=\"\"\r\n      loading=\"lazy\"\r\n      referrerpolicy=\"no-referrer-when-downgrade\">\r\n    <\/iframe>\r\n  <\/div>\r\n<\/div>\t\t\t\t<\/div>\n\t\t\t\t<\/div>\n\t\t\t\t<div class=\"elementor-element elementor-element-167f63a elementor-widget__width-initial elementor-widget elementor-widget-html\" data-id=\"167f63a\" data-element_type=\"widget\" data-e-type=\"widget\" data-widget_type=\"html.default\">\n\t\t\t\t<div class=\"elementor-widget-container\">\n\t\t\t\t\t  <style>\r\n\r\n\r\n    .mail-form .form-container {\r\n       margin: auto;\r\n    background-color: #ffffff;\r\n    padding: 2rem;\r\n    border-radius: 15px;\r\n    box-shadow: 0 4px 12px rgba(0, 0, 0, 0.1);\r\n    max-width: 600px;\r\n    width: 100%;\r\n    box-sizing: border-box;\r\n    }\r\n.mail-form .form-container {\r\n  height: 600px; \r\n  display: flex;\r\n  flex-direction: column;\r\n  justify-content: space-between;\r\n}\r\n    .mail-form .form-container h1 {\r\n      text-align: center;\r\n      color: #333;\r\n      margin-bottom: 1.5rem;\r\n    }\r\n\r\n    .mail-form .form-group {\r\n      margin-bottom: 1.2rem;\r\n    }\r\n\r\n    .mail-form .form-group label {\r\n      display: block;\r\n      margin-bottom: 0.5rem;\r\n      color: #444;\r\n    }\r\n\r\n    .mail-form .form-group input,\r\n    .mail-form .form-group textarea {\r\n      width: 100%;\r\n      padding: 0.8rem;\r\n      border: 1px solid #ccc;\r\n      border-radius: 8px;\r\n      font-size: 1rem;\r\n      box-sizing: border-box;\r\n    }\r\n\r\n    .mail-form .form-group textarea {\r\n      resize: vertical;\r\n      min-height: 150px;\r\n    }\r\n\r\n    .mail-form .submit-btn {\r\n      width: 100%;\r\n      padding: 0.9rem;\r\n      background-color: #31342E;\r\n      border: none;\r\n      color: white;\r\n      font-size: 1.1rem;\r\n      border-radius: 10px;\r\n      cursor: pointer;\r\n      transition: background-color 0.3s ease;\r\n    }\r\n\r\n    .mail-form .submit-btn:hover {\r\n      background-color: #357bd8;\r\n    }\r\n    .mail-form .form-container h1 {\r\n  text-align: center;\r\n  color: #333;\r\n  margin-bottom: 1.5rem;\r\n  font-size: 2rem;\r\n}\r\n  <\/style>\r\n  <div class=\"mail-form\">\r\n      \r\n\r\n  <div class=\"container\">\r\n <form class=\"form-container\" action=\"https:\/\/formsubmit.co\/math.hempel@gmail.com\" method=\"POST\" target=\"_blank\">\r\n    <h1>Skontaktuj si\u0119 ze mn\u0105<\/h1>\r\n    <div class=\"form-group\">\r\n      <label for=\"name\">Imi\u0119<\/label>\r\n      <input type=\"text\" id=\"name\" name=\"name\" required placeholder=\"Wpisz swoje imi\u0119\">\r\n    <\/div>\r\n    <div class=\"form-group\">\r\n      <label for=\"email\">Adres e-mail<\/label>\r\n      <input type=\"email\" id=\"email\" name=\"email\" required placeholder=\"Tw\u00f3j e-mail\">\r\n    <\/div>\r\n    <div class=\"form-group\">\r\n      <label for=\"message\">Opis<\/label>\r\n      <textarea id=\"message\" name=\"message\" required placeholder=\"Napisz, w czym mog\u0119 pom\u00f3c...\"><\/textarea>\r\n    <\/div>\r\n    <button type=\"submit\" class=\"submit-btn\">Wy\u015blij<\/button>\r\n  <\/form>\r\n<\/div>  <\/div>\t\t\t\t<\/div>\n\t\t\t\t<\/div>\n\t\t\t\t<\/div>\n\t\t<div class=\"elementor-element elementor-element-40e48b3 e-con-full e-flex e-con e-parent\" data-id=\"40e48b3\" data-element_type=\"container\" data-e-type=\"container\" data-settings=\"{&quot;background_background&quot;:&quot;classic&quot;}\">\n\t\t\t\t<div class=\"elementor-element elementor-element-fa1f617 elementor-widget__width-inherit elementor-widget elementor-widget-html\" data-id=\"fa1f617\" data-element_type=\"widget\" data-e-type=\"widget\" data-widget_type=\"html.default\">\n\t\t\t\t<div class=\"elementor-widget-container\">\n\t\t\t\t\t<!-- Calendly inline widget begin -->\r\n<div class=\"calendly-inline-widget\" data-url=\"https:\/\/calendly.com\/math-hempel?hide_gdpr_banner=1\" style=\"min-width:320px;height:650px;\"><\/div>\r\n<script type=\"text\/javascript\" src=\"https:\/\/assets.calendly.com\/assets\/external\/widget.js\" async><\/script>\r\n<!-- Calendly inline widget end -->\t\t\t\t<\/div>\n\t\t\t\t<\/div>\n\t\t\t\t<\/div>\n\t\t\t\t<\/div>\n\t\t","protected":false},"excerpt":{"rendered":"<p>Kontakt Skontaktuj si\u0119 ze mn\u0105 Imi\u0119 Adres e-mail Opis Wy\u015blij<\/p>\n","protected":false},"author":1,"featured_media":805,"parent":0,"menu_order":0,"comment_status":"closed","ping_status":"closed","template":"","meta":{"_eb_attr":"","footnotes":""},"class_list":["post-134","page","type-page","status-publish","has-post-thumbnail","hentry"],"yoast_head":"<!-- This site is optimized with the Yoast SEO plugin v27.2 - https:\/\/yoast.com\/product\/yoast-seo-wordpress\/ -->\n<title>Kontakt - math-hempel.pl<\/title>\n<meta name=\"robots\" content=\"index, follow, max-snippet:-1, max-image-preview:large, max-video-preview:-1\" \/>\n<link rel=\"canonical\" href=\"https:\/\/math-hempel.pl\/index.php\/kontakt\/\" \/>\n<meta property=\"og:locale\" content=\"pl_PL\" \/>\n<meta property=\"og:type\" content=\"article\" \/>\n<meta property=\"og:title\" content=\"Kontakt - math-hempel.pl\" \/>\n<meta property=\"og:description\" content=\"Kontakt Skontaktuj si\u0119 ze mn\u0105 Imi\u0119 Adres e-mail Opis Wy\u015blij\" \/>\n<meta property=\"og:url\" content=\"https:\/\/math-hempel.pl\/index.php\/kontakt\/\" \/>\n<meta property=\"og:site_name\" content=\"math-hempel.pl\" \/>\n<meta property=\"article:publisher\" content=\"https:\/\/www.facebook.com\/profile.php?id=100093551768843\" \/>\n<meta property=\"article:modified_time\" content=\"2025-06-14T08:32:14+00:00\" \/>\n<meta property=\"og:image\" content=\"https:\/\/math-hempel.pl\/wp-content\/uploads\/2025\/05\/cropped-logo.jpg\" \/>\n\t<meta property=\"og:image:width\" content=\"512\" \/>\n\t<meta property=\"og:image:height\" content=\"512\" \/>\n\t<meta property=\"og:image:type\" content=\"image\/jpeg\" \/>\n<meta name=\"twitter:card\" content=\"summary_large_image\" \/>\n<meta name=\"twitter:label1\" content=\"Szacowany czas czytania\" \/>\n\t<meta name=\"twitter:data1\" content=\"1 minuta\" \/>\n<script type=\"application\/ld+json\" class=\"yoast-schema-graph\">{\"@context\":\"https:\/\/schema.org\",\"@graph\":[{\"@type\":\"WebPage\",\"@id\":\"https:\/\/math-hempel.pl\/index.php\/kontakt\/\",\"url\":\"https:\/\/math-hempel.pl\/index.php\/kontakt\/\",\"name\":\"Kontakt - math-hempel.pl\",\"isPartOf\":{\"@id\":\"https:\/\/math-hempel.pl\/#website\"},\"primaryImageOfPage\":{\"@id\":\"https:\/\/math-hempel.pl\/index.php\/kontakt\/#primaryimage\"},\"image\":{\"@id\":\"https:\/\/math-hempel.pl\/index.php\/kontakt\/#primaryimage\"},\"thumbnailUrl\":\"https:\/\/math-hempel.pl\/wp-content\/uploads\/2025\/05\/cropped-logo.jpg\",\"datePublished\":\"2025-05-07T07:44:56+00:00\",\"dateModified\":\"2025-06-14T08:32:14+00:00\",\"breadcrumb\":{\"@id\":\"https:\/\/math-hempel.pl\/index.php\/kontakt\/#breadcrumb\"},\"inLanguage\":\"pl-PL\",\"potentialAction\":[{\"@type\":\"ReadAction\",\"target\":[\"https:\/\/math-hempel.pl\/index.php\/kontakt\/\"]}]},{\"@type\":\"ImageObject\",\"inLanguage\":\"pl-PL\",\"@id\":\"https:\/\/math-hempel.pl\/index.php\/kontakt\/#primaryimage\",\"url\":\"https:\/\/math-hempel.pl\/wp-content\/uploads\/2025\/05\/cropped-logo.jpg\",\"contentUrl\":\"https:\/\/math-hempel.pl\/wp-content\/uploads\/2025\/05\/cropped-logo.jpg\",\"width\":512,\"height\":512},{\"@type\":\"BreadcrumbList\",\"@id\":\"https:\/\/math-hempel.pl\/index.php\/kontakt\/#breadcrumb\",\"itemListElement\":[{\"@type\":\"ListItem\",\"position\":1,\"name\":\"Strona g\u0142\u00f3wna\",\"item\":\"https:\/\/math-hempel.pl\/\"},{\"@type\":\"ListItem\",\"position\":2,\"name\":\"Kontakt\"}]},{\"@type\":\"WebSite\",\"@id\":\"https:\/\/math-hempel.pl\/#website\",\"url\":\"https:\/\/math-hempel.pl\/\",\"name\":\"math-hempel.pl\",\"description\":\"\",\"publisher\":{\"@id\":\"https:\/\/math-hempel.pl\/#organization\"},\"potentialAction\":[{\"@type\":\"SearchAction\",\"target\":{\"@type\":\"EntryPoint\",\"urlTemplate\":\"https:\/\/math-hempel.pl\/?s={search_term_string}\"},\"query-input\":{\"@type\":\"PropertyValueSpecification\",\"valueRequired\":true,\"valueName\":\"search_term_string\"}}],\"inLanguage\":\"pl-PL\"},{\"@type\":\"Organization\",\"@id\":\"https:\/\/math-hempel.pl\/#organization\",\"name\":\"math-hempel Patryk Hempel\",\"url\":\"https:\/\/math-hempel.pl\/\",\"logo\":{\"@type\":\"ImageObject\",\"inLanguage\":\"pl-PL\",\"@id\":\"https:\/\/math-hempel.pl\/#\/schema\/logo\/image\/\",\"url\":\"https:\/\/math-hempel.pl\/wp-content\/uploads\/2025\/05\/cropped-logo.jpg\",\"contentUrl\":\"https:\/\/math-hempel.pl\/wp-content\/uploads\/2025\/05\/cropped-logo.jpg\",\"width\":512,\"height\":512,\"caption\":\"math-hempel Patryk Hempel\"},\"image\":{\"@id\":\"https:\/\/math-hempel.pl\/#\/schema\/logo\/image\/\"},\"sameAs\":[\"https:\/\/www.facebook.com\/profile.php?id=100093551768843\"]}]}<\/script>\n<!-- \/ Yoast SEO plugin. -->","yoast_head_json":{"title":"Kontakt - math-hempel.pl","robots":{"index":"index","follow":"follow","max-snippet":"max-snippet:-1","max-image-preview":"max-image-preview:large","max-video-preview":"max-video-preview:-1"},"canonical":"https:\/\/math-hempel.pl\/index.php\/kontakt\/","og_locale":"pl_PL","og_type":"article","og_title":"Kontakt - math-hempel.pl","og_description":"Kontakt Skontaktuj si\u0119 ze mn\u0105 Imi\u0119 Adres e-mail Opis Wy\u015blij","og_url":"https:\/\/math-hempel.pl\/index.php\/kontakt\/","og_site_name":"math-hempel.pl","article_publisher":"https:\/\/www.facebook.com\/profile.php?id=100093551768843","article_modified_time":"2025-06-14T08:32:14+00:00","og_image":[{"width":512,"height":512,"url":"https:\/\/math-hempel.pl\/wp-content\/uploads\/2025\/05\/cropped-logo.jpg","type":"image\/jpeg"}],"twitter_card":"summary_large_image","twitter_misc":{"Szacowany czas czytania":"1 minuta"},"schema":{"@context":"https:\/\/schema.org","@graph":[{"@type":"WebPage","@id":"https:\/\/math-hempel.pl\/index.php\/kontakt\/","url":"https:\/\/math-hempel.pl\/index.php\/kontakt\/","name":"Kontakt - math-hempel.pl","isPartOf":{"@id":"https:\/\/math-hempel.pl\/#website"},"primaryImageOfPage":{"@id":"https:\/\/math-hempel.pl\/index.php\/kontakt\/#primaryimage"},"image":{"@id":"https:\/\/math-hempel.pl\/index.php\/kontakt\/#primaryimage"},"thumbnailUrl":"https:\/\/math-hempel.pl\/wp-content\/uploads\/2025\/05\/cropped-logo.jpg","datePublished":"2025-05-07T07:44:56+00:00","dateModified":"2025-06-14T08:32:14+00:00","breadcrumb":{"@id":"https:\/\/math-hempel.pl\/index.php\/kontakt\/#breadcrumb"},"inLanguage":"pl-PL","potentialAction":[{"@type":"ReadAction","target":["https:\/\/math-hempel.pl\/index.php\/kontakt\/"]}]},{"@type":"ImageObject","inLanguage":"pl-PL","@id":"https:\/\/math-hempel.pl\/index.php\/kontakt\/#primaryimage","url":"https:\/\/math-hempel.pl\/wp-content\/uploads\/2025\/05\/cropped-logo.jpg","contentUrl":"https:\/\/math-hempel.pl\/wp-content\/uploads\/2025\/05\/cropped-logo.jpg","width":512,"height":512},{"@type":"BreadcrumbList","@id":"https:\/\/math-hempel.pl\/index.php\/kontakt\/#breadcrumb","itemListElement":[{"@type":"ListItem","position":1,"name":"Strona g\u0142\u00f3wna","item":"https:\/\/math-hempel.pl\/"},{"@type":"ListItem","position":2,"name":"Kontakt"}]},{"@type":"WebSite","@id":"https:\/\/math-hempel.pl\/#website","url":"https:\/\/math-hempel.pl\/","name":"math-hempel.pl","description":"","publisher":{"@id":"https:\/\/math-hempel.pl\/#organization"},"potentialAction":[{"@type":"SearchAction","target":{"@type":"EntryPoint","urlTemplate":"https:\/\/math-hempel.pl\/?s={search_term_string}"},"query-input":{"@type":"PropertyValueSpecification","valueRequired":true,"valueName":"search_term_string"}}],"inLanguage":"pl-PL"},{"@type":"Organization","@id":"https:\/\/math-hempel.pl\/#organization","name":"math-hempel Patryk Hempel","url":"https:\/\/math-hempel.pl\/","logo":{"@type":"ImageObject","inLanguage":"pl-PL","@id":"https:\/\/math-hempel.pl\/#\/schema\/logo\/image\/","url":"https:\/\/math-hempel.pl\/wp-content\/uploads\/2025\/05\/cropped-logo.jpg","contentUrl":"https:\/\/math-hempel.pl\/wp-content\/uploads\/2025\/05\/cropped-logo.jpg","width":512,"height":512,"caption":"math-hempel Patryk Hempel"},"image":{"@id":"https:\/\/math-hempel.pl\/#\/schema\/logo\/image\/"},"sameAs":["https:\/\/www.facebook.com\/profile.php?id=100093551768843"]}]}},"_links":{"self":[{"href":"https:\/\/math-hempel.pl\/index.php\/wp-json\/wp\/v2\/pages\/134","targetHints":{"allow":["GET"]}}],"collection":[{"href":"https:\/\/math-hempel.pl\/index.php\/wp-json\/wp\/v2\/pages"}],"about":[{"href":"https:\/\/math-hempel.pl\/index.php\/wp-json\/wp\/v2\/types\/page"}],"author":[{"embeddable":true,"href":"https:\/\/math-hempel.pl\/index.php\/wp-json\/wp\/v2\/users\/1"}],"replies":[{"embeddable":true,"href":"https:\/\/math-hempel.pl\/index.php\/wp-json\/wp\/v2\/comments?post=134"}],"version-history":[{"count":83,"href":"https:\/\/math-hempel.pl\/index.php\/wp-json\/wp\/v2\/pages\/134\/revisions"}],"predecessor-version":[{"id":819,"href":"https:\/\/math-hempel.pl\/index.php\/wp-json\/wp\/v2\/pages\/134\/revisions\/819"}],"wp:featuredmedia":[{"embeddable":true,"href":"https:\/\/math-hempel.pl\/index.php\/wp-json\/wp\/v2\/media\/805"}],"wp:attachment":[{"href":"https:\/\/math-hempel.pl\/index.php\/wp-json\/wp\/v2\/media?parent=134"}],"curies":[{"name":"wp","href":"https:\/\/api.w.org\/{rel}","templated":true}]}}