{"id":3,"date":"2025-05-05T12:03:25","date_gmt":"2025-05-05T10:03:25","guid":{"rendered":"https:\/\/math-hempel.pl\/wordpress\/?page_id=3"},"modified":"2025-06-14T10:31:20","modified_gmt":"2025-06-14T08:31:20","slug":"polityka-prywatnosci","status":"publish","type":"page","link":"https:\/\/math-hempel.pl\/index.php\/polityka-prywatnosci\/","title":{"rendered":"Polityka prywatno\u015bci"},"content":{"rendered":"\t\t<div data-elementor-type=\"wp-page\" data-elementor-id=\"3\" class=\"elementor elementor-3\">\n\t\t\t\t<div class=\"elementor-element elementor-element-e408011 e-flex e-con-boxed e-con e-parent\" data-id=\"e408011\" data-element_type=\"container\" data-e-type=\"container\" data-settings=\"{&quot;background_background&quot;:&quot;classic&quot;}\">\n\t\t\t\t\t<div class=\"e-con-inner\">\n\t\t\t\t<div class=\"elementor-element elementor-element-0c14e8c elementor-widget elementor-widget-spacer\" data-id=\"0c14e8c\" data-element_type=\"widget\" data-e-type=\"widget\" data-widget_type=\"spacer.default\">\n\t\t\t\t<div class=\"elementor-widget-container\">\n\t\t\t\t\t\t\t<div class=\"elementor-spacer\">\n\t\t\t<div class=\"elementor-spacer-inner\"><\/div>\n\t\t<\/div>\n\t\t\t\t\t\t<\/div>\n\t\t\t\t<\/div>\n\t\t\t\t<div class=\"elementor-element elementor-element-6d5a410 elementor-widget elementor-widget-heading\" data-id=\"6d5a410\" data-element_type=\"widget\" data-e-type=\"widget\" data-widget_type=\"heading.default\">\n\t\t\t\t<div class=\"elementor-widget-container\">\n\t\t\t\t\t<h2 class=\"elementor-heading-title elementor-size-default\">Polityka prywatno\u015bci<\/h2>\t\t\t\t<\/div>\n\t\t\t\t<\/div>\n\t\t\t\t\t<\/div>\n\t\t\t\t<\/div>\n\t\t<div class=\"elementor-element elementor-element-0e28c22 e-flex e-con-boxed e-con e-parent\" data-id=\"0e28c22\" data-element_type=\"container\" data-e-type=\"container\">\n\t\t\t\t\t<div class=\"e-con-inner\">\n\t\t\t\t<div class=\"elementor-element elementor-element-a1bdfb8 elementor-widget elementor-widget-text-editor\" data-id=\"a1bdfb8\" data-element_type=\"widget\" data-e-type=\"widget\" data-widget_type=\"text-editor.default\">\n\t\t\t\t<div class=\"elementor-widget-container\">\n\t\t\t\t\t\t\t\t\t<h3 data-start=\"627\" data-end=\"651\">\u00a0<\/h3>\n<h3 data-start=\"627\" data-end=\"651\">1. Informacje og\u00f3lne<\/h3>\n<p>\u00a0<\/p>\n<p data-start=\"653\" data-end=\"818\">Niniejsza polityka prywatno\u015bci opisuje zasady przetwarzania danych w ramach serwisu internetowego dost\u0119pnego pod adresem: <strong>math-hempel.pl<\/strong>.<\/p>\n<p data-start=\"820\" data-end=\"1039\">Administratorem danych jest Patryk Hempel z siedzib\u0105 przy ul. Rybnickiej 1b, 43-180 Orzesze. W sprawach zwi\u0105zanych z ochron\u0105 danych osobowych mo\u017cna si\u0119 kontaktowa\u0107 pod adresem e-mail: <strong>math.hempel@gmail.com<\/strong>.<\/p>\n<p data-start=\"820\" data-end=\"1039\">\u00a0<\/p>\n<h3 data-start=\"627\" data-end=\"651\"><!-- \/wp:paragraph --><!-- wp:heading --><\/h3>\n<h3 data-start=\"1041\" data-end=\"1072\">2. Zakres zbieranych danych<\/h3>\n<p>\u00a0<\/p>\n<p data-start=\"1074\" data-end=\"1319\">W ramach serwisu nie zbieramy \u017cadnych danych osobowych u\u017cytkownik\u00f3w w spos\u00f3b bezpo\u015bredni. Jedyne dane, kt\u00f3re mog\u0105 by\u0107 gromadzone, dotycz\u0105 plik\u00f3w cookies wykorzystywanych do analizy statystyk odwiedzin strony za pomoc\u0105 narz\u0119dzia Google Analytics.<\/p>\n<p data-start=\"1074\" data-end=\"1319\">\u00a0<\/p>\n<h3 data-start=\"1321\" data-end=\"1341\">3. Pliki cookies<\/h3>\n<p>\u00a0<\/p>\n<p data-start=\"1343\" data-end=\"1495\">Strona korzysta z plik\u00f3w cookies (ciasteczek) w celu zapewnienia prawid\u0142owego dzia\u0142ania oraz analizowania ruchu na stronie za pomoc\u0105 Google Analytics.<\/p>\n<p data-start=\"1497\" data-end=\"1670\">Cookies to ma\u0142e pliki tekstowe zapisywane w urz\u0105dzeniu ko\u0144cowym u\u017cytkownika. Mo\u017cna nimi zarz\u0105dza\u0107 poprzez ustawienia przegl\u0105darki internetowej, w tym je usuwa\u0107 lub blokowa\u0107.<\/p>\n<p data-start=\"1497\" data-end=\"1670\">\u00a0<\/p>\n<h3 data-start=\"1672\" data-end=\"1699\">4. Narz\u0119dzia zewn\u0119trzne<\/h3>\n<p>\u00a0<\/p>\n<p data-start=\"1701\" data-end=\"2011\">W serwisie wykorzystywane jest narz\u0119dzie <strong data-start=\"1742\" data-end=\"1754\">Calendly<\/strong> do umawiania spotka\u0144 online. Korzystaj\u0105c z tej funkcji, u\u017cytkownik jest przekierowywany na zewn\u0119trzny serwis (<strong data-start=\"1865\" data-end=\"1881\">calendly.com<\/strong>), kt\u00f3ry posiada w\u0142asn\u0105 polityk\u0119 prywatno\u015bci. Administrator nie przetwarza danych wprowadzanych przez u\u017cytkownika w tym narz\u0119dziu.<\/p>\n<p data-start=\"1701\" data-end=\"2011\">\u00a0<\/p>\n<h3 data-start=\"2013\" data-end=\"2040\">5. Udost\u0119pnianie danych<\/h3>\n<p>\u00a0<\/p>\n<p data-start=\"2042\" data-end=\"2125\">Administrator nie udost\u0119pnia \u017cadnych danych osobowych u\u017cytkownik\u00f3w stronom trzecim.<\/p>\n<p data-start=\"2042\" data-end=\"2125\">\u00a0<\/p>\n<h3 data-start=\"2127\" data-end=\"2145\">6. Twoje prawa<\/h3>\n<p>\u00a0<\/p>\n<p data-start=\"2147\" data-end=\"2335\">Poniewa\u017c Administrator nie przetwarza danych osobowych u\u017cytkownik\u00f3w w ramach tego serwisu, nie maj\u0105 zastosowania przepisy dotycz\u0105ce dost\u0119pu, sprostowania, usuwania ani przenoszenia danych.<\/p>\n<p data-start=\"2147\" data-end=\"2335\">\u00a0<\/p>\t\t\t\t\t\t\t\t<\/div>\n\t\t\t\t<\/div>\n\t\t\t\t\t<\/div>\n\t\t\t\t<\/div>\n\t\t<div class=\"elementor-element elementor-element-d22b5e4 elementor-hidden-tablet elementor-hidden-mobile e-flex e-con-boxed e-con e-parent\" data-id=\"d22b5e4\" data-element_type=\"container\" data-e-type=\"container\" data-settings=\"{&quot;background_background&quot;:&quot;classic&quot;}\">\n\t\t\t\t\t<div class=\"e-con-inner\">\n\t\t\t\t\t<\/div>\n\t\t\t\t<\/div>\n\t\t\t\t<\/div>\n\t\t","protected":false},"excerpt":{"rendered":"<p>Polityka prywatno\u015bci \u00a0 1. Informacje og\u00f3lne \u00a0 Niniejsza polityka prywatno\u015bci opisuje zasady przetwarzania danych w ramach serwisu internetowego dost\u0119pnego pod adresem: math-hempel.pl. Administratorem danych jest Patryk Hempel z siedzib\u0105 przy ul. Rybnickiej 1b, 43-180 Orzesze. W sprawach zwi\u0105zanych z ochron\u0105 danych osobowych mo\u017cna si\u0119 kontaktowa\u0107 pod adresem e-mail: math.hempel@gmail.com. \u00a0 2. Zakres zbieranych danych \u00a0 [&hellip;]<\/p>\n","protected":false},"author":1,"featured_media":805,"parent":0,"menu_order":0,"comment_status":"closed","ping_status":"open","template":"","meta":{"_eb_attr":"","footnotes":""},"class_list":["post-3","page","type-page","status-publish","has-post-thumbnail","hentry"],"yoast_head":"<!-- This site is optimized with the Yoast SEO plugin v27.2 - https:\/\/yoast.com\/product\/yoast-seo-wordpress\/ -->\n<title>Polityka prywatno\u015bci - math-hempel.pl<\/title>\n<meta name=\"robots\" content=\"index, follow, max-snippet:-1, max-image-preview:large, max-video-preview:-1\" \/>\n<link rel=\"canonical\" href=\"https:\/\/math-hempel.pl\/index.php\/polityka-prywatnosci\/\" \/>\n<meta property=\"og:locale\" content=\"pl_PL\" \/>\n<meta property=\"og:type\" content=\"article\" \/>\n<meta property=\"og:title\" content=\"Polityka prywatno\u015bci - math-hempel.pl\" \/>\n<meta property=\"og:description\" content=\"Polityka prywatno\u015bci \u00a0 1. Informacje og\u00f3lne \u00a0 Niniejsza polityka prywatno\u015bci opisuje zasady przetwarzania danych w ramach serwisu internetowego dost\u0119pnego pod adresem: math-hempel.pl. Administratorem danych jest Patryk Hempel z siedzib\u0105 przy ul. Rybnickiej 1b, 43-180 Orzesze. W sprawach zwi\u0105zanych z ochron\u0105 danych osobowych mo\u017cna si\u0119 kontaktowa\u0107 pod adresem e-mail: math.hempel@gmail.com. \u00a0 2. Zakres zbieranych danych \u00a0 [&hellip;]\" \/>\n<meta property=\"og:url\" content=\"https:\/\/math-hempel.pl\/index.php\/polityka-prywatnosci\/\" \/>\n<meta property=\"og:site_name\" content=\"math-hempel.pl\" \/>\n<meta property=\"article:publisher\" content=\"https:\/\/www.facebook.com\/profile.php?id=100093551768843\" \/>\n<meta property=\"article:modified_time\" content=\"2025-06-14T08:31:20+00:00\" \/>\n<meta property=\"og:image\" content=\"https:\/\/math-hempel.pl\/wp-content\/uploads\/2025\/05\/cropped-logo.jpg\" \/>\n\t<meta property=\"og:image:width\" content=\"512\" \/>\n\t<meta property=\"og:image:height\" content=\"512\" \/>\n\t<meta property=\"og:image:type\" content=\"image\/jpeg\" \/>\n<meta name=\"twitter:card\" content=\"summary_large_image\" \/>\n<meta name=\"twitter:label1\" content=\"Szacowany czas czytania\" \/>\n\t<meta name=\"twitter:data1\" content=\"2 minuty\" \/>\n<script type=\"application\/ld+json\" class=\"yoast-schema-graph\">{\"@context\":\"https:\/\/schema.org\",\"@graph\":[{\"@type\":\"WebPage\",\"@id\":\"https:\/\/math-hempel.pl\/index.php\/polityka-prywatnosci\/\",\"url\":\"https:\/\/math-hempel.pl\/index.php\/polityka-prywatnosci\/\",\"name\":\"Polityka prywatno\u015bci - math-hempel.pl\",\"isPartOf\":{\"@id\":\"https:\/\/math-hempel.pl\/#website\"},\"primaryImageOfPage\":{\"@id\":\"https:\/\/math-hempel.pl\/index.php\/polityka-prywatnosci\/#primaryimage\"},\"image\":{\"@id\":\"https:\/\/math-hempel.pl\/index.php\/polityka-prywatnosci\/#primaryimage\"},\"thumbnailUrl\":\"https:\/\/math-hempel.pl\/wp-content\/uploads\/2025\/05\/cropped-logo.jpg\",\"datePublished\":\"2025-05-05T10:03:25+00:00\",\"dateModified\":\"2025-06-14T08:31:20+00:00\",\"breadcrumb\":{\"@id\":\"https:\/\/math-hempel.pl\/index.php\/polityka-prywatnosci\/#breadcrumb\"},\"inLanguage\":\"pl-PL\",\"potentialAction\":[{\"@type\":\"ReadAction\",\"target\":[\"https:\/\/math-hempel.pl\/index.php\/polityka-prywatnosci\/\"]}]},{\"@type\":\"ImageObject\",\"inLanguage\":\"pl-PL\",\"@id\":\"https:\/\/math-hempel.pl\/index.php\/polityka-prywatnosci\/#primaryimage\",\"url\":\"https:\/\/math-hempel.pl\/wp-content\/uploads\/2025\/05\/cropped-logo.jpg\",\"contentUrl\":\"https:\/\/math-hempel.pl\/wp-content\/uploads\/2025\/05\/cropped-logo.jpg\",\"width\":512,\"height\":512},{\"@type\":\"BreadcrumbList\",\"@id\":\"https:\/\/math-hempel.pl\/index.php\/polityka-prywatnosci\/#breadcrumb\",\"itemListElement\":[{\"@type\":\"ListItem\",\"position\":1,\"name\":\"Strona g\u0142\u00f3wna\",\"item\":\"https:\/\/math-hempel.pl\/\"},{\"@type\":\"ListItem\",\"position\":2,\"name\":\"Polityka prywatno\u015bci\"}]},{\"@type\":\"WebSite\",\"@id\":\"https:\/\/math-hempel.pl\/#website\",\"url\":\"https:\/\/math-hempel.pl\/\",\"name\":\"math-hempel.pl\",\"description\":\"\",\"publisher\":{\"@id\":\"https:\/\/math-hempel.pl\/#organization\"},\"potentialAction\":[{\"@type\":\"SearchAction\",\"target\":{\"@type\":\"EntryPoint\",\"urlTemplate\":\"https:\/\/math-hempel.pl\/?s={search_term_string}\"},\"query-input\":{\"@type\":\"PropertyValueSpecification\",\"valueRequired\":true,\"valueName\":\"search_term_string\"}}],\"inLanguage\":\"pl-PL\"},{\"@type\":\"Organization\",\"@id\":\"https:\/\/math-hempel.pl\/#organization\",\"name\":\"math-hempel Patryk Hempel\",\"url\":\"https:\/\/math-hempel.pl\/\",\"logo\":{\"@type\":\"ImageObject\",\"inLanguage\":\"pl-PL\",\"@id\":\"https:\/\/math-hempel.pl\/#\/schema\/logo\/image\/\",\"url\":\"https:\/\/math-hempel.pl\/wp-content\/uploads\/2025\/05\/cropped-logo.jpg\",\"contentUrl\":\"https:\/\/math-hempel.pl\/wp-content\/uploads\/2025\/05\/cropped-logo.jpg\",\"width\":512,\"height\":512,\"caption\":\"math-hempel Patryk Hempel\"},\"image\":{\"@id\":\"https:\/\/math-hempel.pl\/#\/schema\/logo\/image\/\"},\"sameAs\":[\"https:\/\/www.facebook.com\/profile.php?id=100093551768843\"]}]}<\/script>\n<!-- \/ Yoast SEO plugin. -->","yoast_head_json":{"title":"Polityka prywatno\u015bci - math-hempel.pl","robots":{"index":"index","follow":"follow","max-snippet":"max-snippet:-1","max-image-preview":"max-image-preview:large","max-video-preview":"max-video-preview:-1"},"canonical":"https:\/\/math-hempel.pl\/index.php\/polityka-prywatnosci\/","og_locale":"pl_PL","og_type":"article","og_title":"Polityka prywatno\u015bci - math-hempel.pl","og_description":"Polityka prywatno\u015bci \u00a0 1. Informacje og\u00f3lne \u00a0 Niniejsza polityka prywatno\u015bci opisuje zasady przetwarzania danych w ramach serwisu internetowego dost\u0119pnego pod adresem: math-hempel.pl. Administratorem danych jest Patryk Hempel z siedzib\u0105 przy ul. Rybnickiej 1b, 43-180 Orzesze. W sprawach zwi\u0105zanych z ochron\u0105 danych osobowych mo\u017cna si\u0119 kontaktowa\u0107 pod adresem e-mail: math.hempel@gmail.com. \u00a0 2. Zakres zbieranych danych \u00a0 [&hellip;]","og_url":"https:\/\/math-hempel.pl\/index.php\/polityka-prywatnosci\/","og_site_name":"math-hempel.pl","article_publisher":"https:\/\/www.facebook.com\/profile.php?id=100093551768843","article_modified_time":"2025-06-14T08:31:20+00:00","og_image":[{"width":512,"height":512,"url":"https:\/\/math-hempel.pl\/wp-content\/uploads\/2025\/05\/cropped-logo.jpg","type":"image\/jpeg"}],"twitter_card":"summary_large_image","twitter_misc":{"Szacowany czas czytania":"2 minuty"},"schema":{"@context":"https:\/\/schema.org","@graph":[{"@type":"WebPage","@id":"https:\/\/math-hempel.pl\/index.php\/polityka-prywatnosci\/","url":"https:\/\/math-hempel.pl\/index.php\/polityka-prywatnosci\/","name":"Polityka prywatno\u015bci - math-hempel.pl","isPartOf":{"@id":"https:\/\/math-hempel.pl\/#website"},"primaryImageOfPage":{"@id":"https:\/\/math-hempel.pl\/index.php\/polityka-prywatnosci\/#primaryimage"},"image":{"@id":"https:\/\/math-hempel.pl\/index.php\/polityka-prywatnosci\/#primaryimage"},"thumbnailUrl":"https:\/\/math-hempel.pl\/wp-content\/uploads\/2025\/05\/cropped-logo.jpg","datePublished":"2025-05-05T10:03:25+00:00","dateModified":"2025-06-14T08:31:20+00:00","breadcrumb":{"@id":"https:\/\/math-hempel.pl\/index.php\/polityka-prywatnosci\/#breadcrumb"},"inLanguage":"pl-PL","potentialAction":[{"@type":"ReadAction","target":["https:\/\/math-hempel.pl\/index.php\/polityka-prywatnosci\/"]}]},{"@type":"ImageObject","inLanguage":"pl-PL","@id":"https:\/\/math-hempel.pl\/index.php\/polityka-prywatnosci\/#primaryimage","url":"https:\/\/math-hempel.pl\/wp-content\/uploads\/2025\/05\/cropped-logo.jpg","contentUrl":"https:\/\/math-hempel.pl\/wp-content\/uploads\/2025\/05\/cropped-logo.jpg","width":512,"height":512},{"@type":"BreadcrumbList","@id":"https:\/\/math-hempel.pl\/index.php\/polityka-prywatnosci\/#breadcrumb","itemListElement":[{"@type":"ListItem","position":1,"name":"Strona g\u0142\u00f3wna","item":"https:\/\/math-hempel.pl\/"},{"@type":"ListItem","position":2,"name":"Polityka prywatno\u015bci"}]},{"@type":"WebSite","@id":"https:\/\/math-hempel.pl\/#website","url":"https:\/\/math-hempel.pl\/","name":"math-hempel.pl","description":"","publisher":{"@id":"https:\/\/math-hempel.pl\/#organization"},"potentialAction":[{"@type":"SearchAction","target":{"@type":"EntryPoint","urlTemplate":"https:\/\/math-hempel.pl\/?s={search_term_string}"},"query-input":{"@type":"PropertyValueSpecification","valueRequired":true,"valueName":"search_term_string"}}],"inLanguage":"pl-PL"},{"@type":"Organization","@id":"https:\/\/math-hempel.pl\/#organization","name":"math-hempel Patryk Hempel","url":"https:\/\/math-hempel.pl\/","logo":{"@type":"ImageObject","inLanguage":"pl-PL","@id":"https:\/\/math-hempel.pl\/#\/schema\/logo\/image\/","url":"https:\/\/math-hempel.pl\/wp-content\/uploads\/2025\/05\/cropped-logo.jpg","contentUrl":"https:\/\/math-hempel.pl\/wp-content\/uploads\/2025\/05\/cropped-logo.jpg","width":512,"height":512,"caption":"math-hempel Patryk Hempel"},"image":{"@id":"https:\/\/math-hempel.pl\/#\/schema\/logo\/image\/"},"sameAs":["https:\/\/www.facebook.com\/profile.php?id=100093551768843"]}]}},"_links":{"self":[{"href":"https:\/\/math-hempel.pl\/index.php\/wp-json\/wp\/v2\/pages\/3","targetHints":{"allow":["GET"]}}],"collection":[{"href":"https:\/\/math-hempel.pl\/index.php\/wp-json\/wp\/v2\/pages"}],"about":[{"href":"https:\/\/math-hempel.pl\/index.php\/wp-json\/wp\/v2\/types\/page"}],"author":[{"embeddable":true,"href":"https:\/\/math-hempel.pl\/index.php\/wp-json\/wp\/v2\/users\/1"}],"replies":[{"embeddable":true,"href":"https:\/\/math-hempel.pl\/index.php\/wp-json\/wp\/v2\/comments?post=3"}],"version-history":[{"count":31,"href":"https:\/\/math-hempel.pl\/index.php\/wp-json\/wp\/v2\/pages\/3\/revisions"}],"predecessor-version":[{"id":815,"href":"https:\/\/math-hempel.pl\/index.php\/wp-json\/wp\/v2\/pages\/3\/revisions\/815"}],"wp:featuredmedia":[{"embeddable":true,"href":"https:\/\/math-hempel.pl\/index.php\/wp-json\/wp\/v2\/media\/805"}],"wp:attachment":[{"href":"https:\/\/math-hempel.pl\/index.php\/wp-json\/wp\/v2\/media?parent=3"}],"curies":[{"name":"wp","href":"https:\/\/api.w.org\/{rel}","templated":true}]}}