{"id":341,"date":"2025-05-25T12:18:11","date_gmt":"2025-05-25T10:18:11","guid":{"rendered":"https:\/\/math-hempel.pl\/wordpress\/?page_id=341"},"modified":"2025-06-14T10:32:28","modified_gmt":"2025-06-14T08:32:28","slug":"informacje-o-zasobach","status":"publish","type":"page","link":"https:\/\/math-hempel.pl\/index.php\/informacje-o-zasobach\/","title":{"rendered":"Informacje o zasobach"},"content":{"rendered":"\t\t<div data-elementor-type=\"wp-page\" data-elementor-id=\"341\" class=\"elementor elementor-341\">\n\t\t\t\t<div class=\"elementor-element elementor-element-6617e0f e-flex e-con-boxed e-con e-parent\" data-id=\"6617e0f\" data-element_type=\"container\" data-e-type=\"container\" data-settings=\"{&quot;background_background&quot;:&quot;classic&quot;}\">\n\t\t\t\t\t<div class=\"e-con-inner\">\n\t\t\t\t<div class=\"elementor-element elementor-element-c354418 elementor-widget elementor-widget-spacer\" data-id=\"c354418\" data-element_type=\"widget\" data-e-type=\"widget\" data-widget_type=\"spacer.default\">\n\t\t\t\t<div class=\"elementor-widget-container\">\n\t\t\t\t\t\t\t<div class=\"elementor-spacer\">\n\t\t\t<div class=\"elementor-spacer-inner\"><\/div>\n\t\t<\/div>\n\t\t\t\t\t\t<\/div>\n\t\t\t\t<\/div>\n\t\t\t\t<div class=\"elementor-element elementor-element-884239f elementor-widget elementor-widget-heading\" data-id=\"884239f\" data-element_type=\"widget\" data-e-type=\"widget\" data-widget_type=\"heading.default\">\n\t\t\t\t<div class=\"elementor-widget-container\">\n\t\t\t\t\t<h3 class=\"elementor-heading-title elementor-size-default\">Informacje o wykorzystanych zasobach<\/h3>\t\t\t\t<\/div>\n\t\t\t\t<\/div>\n\t\t\t\t\t<\/div>\n\t\t\t\t<\/div>\n\t\t<div class=\"elementor-element elementor-element-34fd2244 e-flex e-con-boxed e-con e-parent\" data-id=\"34fd2244\" data-element_type=\"container\" data-e-type=\"container\">\n\t\t\t\t\t<div class=\"e-con-inner\">\n\t\t\t\t<div class=\"elementor-element elementor-element-c39582f elementor-widget elementor-widget-text-editor\" data-id=\"c39582f\" data-element_type=\"widget\" data-e-type=\"widget\" data-widget_type=\"text-editor.default\">\n\t\t\t\t<div class=\"elementor-widget-container\">\n\t\t\t\t\t\t\t\t\t<p><strong>Motyw WordPress:<\/strong> Strona korzysta z motywu <a class=\"custom-link\" href=\"https:\/\/wordpress.org\/themes\/soul-anchor\/\" target=\"_blank\" rel=\"noopener\">Soul Anchor<\/a>, dost\u0119pnego w katalogu motyw\u00f3w WordPress.<\/p><p><strong>Ikony:<\/strong> Ikony u\u017cyte na stronie pochodz\u0105 z serwisu <a class=\"custom-link\" href=\"https:\/\/www.freepik.com\" target=\"_blank\" rel=\"noopener\">Freepik<\/a>. Zgodnie z warunkami licencji Freepik, jako u\u017cytkownik darmowy, zobowi\u0105zany jestem do umieszczenia odpowiedniego przypisania.<\/p><p><style>\n  .custom-link {<br \/>    color: #000;<br \/>    text-decoration: underline;<br \/>    transition: color 0.3s ease;<br \/>  }<\/p>\n<p>  .custom-link:hover {<br \/>    color: #A569BF;<br \/>  }<br \/><\/style><\/p>\t\t\t\t\t\t\t\t<\/div>\n\t\t\t\t<\/div>\n\t\t\t\t\t<\/div>\n\t\t\t\t<\/div>\n\t\t<div class=\"elementor-element elementor-element-7ab8edd elementor-hidden-tablet elementor-hidden-mobile e-flex e-con-boxed e-con e-parent\" data-id=\"7ab8edd\" data-element_type=\"container\" data-e-type=\"container\" data-settings=\"{&quot;background_background&quot;:&quot;classic&quot;}\">\n\t\t\t\t\t<div class=\"e-con-inner\">\n\t\t\t\t\t<\/div>\n\t\t\t\t<\/div>\n\t\t\t\t<\/div>\n\t\t","protected":false},"excerpt":{"rendered":"<p>Informacje o wykorzystanych zasobach Motyw WordPress: Strona korzysta z motywu Soul Anchor, dost\u0119pnego w katalogu motyw\u00f3w WordPress. Ikony: Ikony u\u017cyte na stronie pochodz\u0105 z serwisu Freepik. Zgodnie z warunkami licencji Freepik, jako u\u017cytkownik darmowy, zobowi\u0105zany jestem do umieszczenia odpowiedniego przypisania.<\/p>\n","protected":false},"author":1,"featured_media":805,"parent":0,"menu_order":0,"comment_status":"closed","ping_status":"closed","template":"","meta":{"_eb_attr":"","footnotes":""},"class_list":["post-341","page","type-page","status-publish","has-post-thumbnail","hentry"],"yoast_head":"<!-- This site is optimized with the Yoast SEO plugin v27.2 - https:\/\/yoast.com\/product\/yoast-seo-wordpress\/ -->\n<title>Informacje o zasobach - math-hempel.pl<\/title>\n<meta name=\"robots\" content=\"index, follow, max-snippet:-1, max-image-preview:large, max-video-preview:-1\" \/>\n<link rel=\"canonical\" href=\"https:\/\/math-hempel.pl\/index.php\/informacje-o-zasobach\/\" \/>\n<meta property=\"og:locale\" content=\"pl_PL\" \/>\n<meta property=\"og:type\" content=\"article\" \/>\n<meta property=\"og:title\" content=\"Informacje o zasobach - math-hempel.pl\" \/>\n<meta property=\"og:description\" content=\"Informacje o wykorzystanych zasobach Motyw WordPress: Strona korzysta z motywu Soul Anchor, dost\u0119pnego w katalogu motyw\u00f3w WordPress. Ikony: Ikony u\u017cyte na stronie pochodz\u0105 z serwisu Freepik. Zgodnie z warunkami licencji Freepik, jako u\u017cytkownik darmowy, zobowi\u0105zany jestem do umieszczenia odpowiedniego przypisania.\" \/>\n<meta property=\"og:url\" content=\"https:\/\/math-hempel.pl\/index.php\/informacje-o-zasobach\/\" \/>\n<meta property=\"og:site_name\" content=\"math-hempel.pl\" \/>\n<meta property=\"article:publisher\" content=\"https:\/\/www.facebook.com\/profile.php?id=100093551768843\" \/>\n<meta property=\"article:modified_time\" content=\"2025-06-14T08:32:28+00:00\" \/>\n<meta property=\"og:image\" content=\"https:\/\/math-hempel.pl\/wp-content\/uploads\/2025\/05\/cropped-logo.jpg\" \/>\n\t<meta property=\"og:image:width\" content=\"512\" \/>\n\t<meta property=\"og:image:height\" content=\"512\" \/>\n\t<meta property=\"og:image:type\" content=\"image\/jpeg\" \/>\n<meta name=\"twitter:card\" content=\"summary_large_image\" \/>\n<meta name=\"twitter:label1\" content=\"Szacowany czas czytania\" \/>\n\t<meta name=\"twitter:data1\" content=\"1 minuta\" \/>\n<script type=\"application\/ld+json\" class=\"yoast-schema-graph\">{\"@context\":\"https:\/\/schema.org\",\"@graph\":[{\"@type\":\"WebPage\",\"@id\":\"https:\/\/math-hempel.pl\/index.php\/informacje-o-zasobach\/\",\"url\":\"https:\/\/math-hempel.pl\/index.php\/informacje-o-zasobach\/\",\"name\":\"Informacje o zasobach - math-hempel.pl\",\"isPartOf\":{\"@id\":\"https:\/\/math-hempel.pl\/#website\"},\"primaryImageOfPage\":{\"@id\":\"https:\/\/math-hempel.pl\/index.php\/informacje-o-zasobach\/#primaryimage\"},\"image\":{\"@id\":\"https:\/\/math-hempel.pl\/index.php\/informacje-o-zasobach\/#primaryimage\"},\"thumbnailUrl\":\"https:\/\/math-hempel.pl\/wp-content\/uploads\/2025\/05\/cropped-logo.jpg\",\"datePublished\":\"2025-05-25T10:18:11+00:00\",\"dateModified\":\"2025-06-14T08:32:28+00:00\",\"breadcrumb\":{\"@id\":\"https:\/\/math-hempel.pl\/index.php\/informacje-o-zasobach\/#breadcrumb\"},\"inLanguage\":\"pl-PL\",\"potentialAction\":[{\"@type\":\"ReadAction\",\"target\":[\"https:\/\/math-hempel.pl\/index.php\/informacje-o-zasobach\/\"]}]},{\"@type\":\"ImageObject\",\"inLanguage\":\"pl-PL\",\"@id\":\"https:\/\/math-hempel.pl\/index.php\/informacje-o-zasobach\/#primaryimage\",\"url\":\"https:\/\/math-hempel.pl\/wp-content\/uploads\/2025\/05\/cropped-logo.jpg\",\"contentUrl\":\"https:\/\/math-hempel.pl\/wp-content\/uploads\/2025\/05\/cropped-logo.jpg\",\"width\":512,\"height\":512},{\"@type\":\"BreadcrumbList\",\"@id\":\"https:\/\/math-hempel.pl\/index.php\/informacje-o-zasobach\/#breadcrumb\",\"itemListElement\":[{\"@type\":\"ListItem\",\"position\":1,\"name\":\"Strona g\u0142\u00f3wna\",\"item\":\"https:\/\/math-hempel.pl\/\"},{\"@type\":\"ListItem\",\"position\":2,\"name\":\"Informacje o zasobach\"}]},{\"@type\":\"WebSite\",\"@id\":\"https:\/\/math-hempel.pl\/#website\",\"url\":\"https:\/\/math-hempel.pl\/\",\"name\":\"math-hempel.pl\",\"description\":\"\",\"publisher\":{\"@id\":\"https:\/\/math-hempel.pl\/#organization\"},\"potentialAction\":[{\"@type\":\"SearchAction\",\"target\":{\"@type\":\"EntryPoint\",\"urlTemplate\":\"https:\/\/math-hempel.pl\/?s={search_term_string}\"},\"query-input\":{\"@type\":\"PropertyValueSpecification\",\"valueRequired\":true,\"valueName\":\"search_term_string\"}}],\"inLanguage\":\"pl-PL\"},{\"@type\":\"Organization\",\"@id\":\"https:\/\/math-hempel.pl\/#organization\",\"name\":\"math-hempel Patryk Hempel\",\"url\":\"https:\/\/math-hempel.pl\/\",\"logo\":{\"@type\":\"ImageObject\",\"inLanguage\":\"pl-PL\",\"@id\":\"https:\/\/math-hempel.pl\/#\/schema\/logo\/image\/\",\"url\":\"https:\/\/math-hempel.pl\/wp-content\/uploads\/2025\/05\/cropped-logo.jpg\",\"contentUrl\":\"https:\/\/math-hempel.pl\/wp-content\/uploads\/2025\/05\/cropped-logo.jpg\",\"width\":512,\"height\":512,\"caption\":\"math-hempel Patryk Hempel\"},\"image\":{\"@id\":\"https:\/\/math-hempel.pl\/#\/schema\/logo\/image\/\"},\"sameAs\":[\"https:\/\/www.facebook.com\/profile.php?id=100093551768843\"]}]}<\/script>\n<!-- \/ Yoast SEO plugin. -->","yoast_head_json":{"title":"Informacje o zasobach - math-hempel.pl","robots":{"index":"index","follow":"follow","max-snippet":"max-snippet:-1","max-image-preview":"max-image-preview:large","max-video-preview":"max-video-preview:-1"},"canonical":"https:\/\/math-hempel.pl\/index.php\/informacje-o-zasobach\/","og_locale":"pl_PL","og_type":"article","og_title":"Informacje o zasobach - math-hempel.pl","og_description":"Informacje o wykorzystanych zasobach Motyw WordPress: Strona korzysta z motywu Soul Anchor, dost\u0119pnego w katalogu motyw\u00f3w WordPress. Ikony: Ikony u\u017cyte na stronie pochodz\u0105 z serwisu Freepik. Zgodnie z warunkami licencji Freepik, jako u\u017cytkownik darmowy, zobowi\u0105zany jestem do umieszczenia odpowiedniego przypisania.","og_url":"https:\/\/math-hempel.pl\/index.php\/informacje-o-zasobach\/","og_site_name":"math-hempel.pl","article_publisher":"https:\/\/www.facebook.com\/profile.php?id=100093551768843","article_modified_time":"2025-06-14T08:32:28+00:00","og_image":[{"width":512,"height":512,"url":"https:\/\/math-hempel.pl\/wp-content\/uploads\/2025\/05\/cropped-logo.jpg","type":"image\/jpeg"}],"twitter_card":"summary_large_image","twitter_misc":{"Szacowany czas czytania":"1 minuta"},"schema":{"@context":"https:\/\/schema.org","@graph":[{"@type":"WebPage","@id":"https:\/\/math-hempel.pl\/index.php\/informacje-o-zasobach\/","url":"https:\/\/math-hempel.pl\/index.php\/informacje-o-zasobach\/","name":"Informacje o zasobach - math-hempel.pl","isPartOf":{"@id":"https:\/\/math-hempel.pl\/#website"},"primaryImageOfPage":{"@id":"https:\/\/math-hempel.pl\/index.php\/informacje-o-zasobach\/#primaryimage"},"image":{"@id":"https:\/\/math-hempel.pl\/index.php\/informacje-o-zasobach\/#primaryimage"},"thumbnailUrl":"https:\/\/math-hempel.pl\/wp-content\/uploads\/2025\/05\/cropped-logo.jpg","datePublished":"2025-05-25T10:18:11+00:00","dateModified":"2025-06-14T08:32:28+00:00","breadcrumb":{"@id":"https:\/\/math-hempel.pl\/index.php\/informacje-o-zasobach\/#breadcrumb"},"inLanguage":"pl-PL","potentialAction":[{"@type":"ReadAction","target":["https:\/\/math-hempel.pl\/index.php\/informacje-o-zasobach\/"]}]},{"@type":"ImageObject","inLanguage":"pl-PL","@id":"https:\/\/math-hempel.pl\/index.php\/informacje-o-zasobach\/#primaryimage","url":"https:\/\/math-hempel.pl\/wp-content\/uploads\/2025\/05\/cropped-logo.jpg","contentUrl":"https:\/\/math-hempel.pl\/wp-content\/uploads\/2025\/05\/cropped-logo.jpg","width":512,"height":512},{"@type":"BreadcrumbList","@id":"https:\/\/math-hempel.pl\/index.php\/informacje-o-zasobach\/#breadcrumb","itemListElement":[{"@type":"ListItem","position":1,"name":"Strona g\u0142\u00f3wna","item":"https:\/\/math-hempel.pl\/"},{"@type":"ListItem","position":2,"name":"Informacje o zasobach"}]},{"@type":"WebSite","@id":"https:\/\/math-hempel.pl\/#website","url":"https:\/\/math-hempel.pl\/","name":"math-hempel.pl","description":"","publisher":{"@id":"https:\/\/math-hempel.pl\/#organization"},"potentialAction":[{"@type":"SearchAction","target":{"@type":"EntryPoint","urlTemplate":"https:\/\/math-hempel.pl\/?s={search_term_string}"},"query-input":{"@type":"PropertyValueSpecification","valueRequired":true,"valueName":"search_term_string"}}],"inLanguage":"pl-PL"},{"@type":"Organization","@id":"https:\/\/math-hempel.pl\/#organization","name":"math-hempel Patryk Hempel","url":"https:\/\/math-hempel.pl\/","logo":{"@type":"ImageObject","inLanguage":"pl-PL","@id":"https:\/\/math-hempel.pl\/#\/schema\/logo\/image\/","url":"https:\/\/math-hempel.pl\/wp-content\/uploads\/2025\/05\/cropped-logo.jpg","contentUrl":"https:\/\/math-hempel.pl\/wp-content\/uploads\/2025\/05\/cropped-logo.jpg","width":512,"height":512,"caption":"math-hempel Patryk Hempel"},"image":{"@id":"https:\/\/math-hempel.pl\/#\/schema\/logo\/image\/"},"sameAs":["https:\/\/www.facebook.com\/profile.php?id=100093551768843"]}]}},"_links":{"self":[{"href":"https:\/\/math-hempel.pl\/index.php\/wp-json\/wp\/v2\/pages\/341","targetHints":{"allow":["GET"]}}],"collection":[{"href":"https:\/\/math-hempel.pl\/index.php\/wp-json\/wp\/v2\/pages"}],"about":[{"href":"https:\/\/math-hempel.pl\/index.php\/wp-json\/wp\/v2\/types\/page"}],"author":[{"embeddable":true,"href":"https:\/\/math-hempel.pl\/index.php\/wp-json\/wp\/v2\/users\/1"}],"replies":[{"embeddable":true,"href":"https:\/\/math-hempel.pl\/index.php\/wp-json\/wp\/v2\/comments?post=341"}],"version-history":[{"count":35,"href":"https:\/\/math-hempel.pl\/index.php\/wp-json\/wp\/v2\/pages\/341\/revisions"}],"predecessor-version":[{"id":820,"href":"https:\/\/math-hempel.pl\/index.php\/wp-json\/wp\/v2\/pages\/341\/revisions\/820"}],"wp:featuredmedia":[{"embeddable":true,"href":"https:\/\/math-hempel.pl\/index.php\/wp-json\/wp\/v2\/media\/805"}],"wp:attachment":[{"href":"https:\/\/math-hempel.pl\/index.php\/wp-json\/wp\/v2\/media?parent=341"}],"curies":[{"name":"wp","href":"https:\/\/api.w.org\/{rel}","templated":true}]}}