{"id":35,"date":"2025-05-06T13:00:24","date_gmt":"2025-05-06T11:00:24","guid":{"rendered":"https:\/\/math-hempel.pl\/wordpress\/?page_id=35"},"modified":"2025-06-14T10:30:20","modified_gmt":"2025-06-14T08:30:20","slug":"strona-glowna","status":"publish","type":"page","link":"https:\/\/math-hempel.pl\/","title":{"rendered":"Strona g\u0142\u00f3wna"},"content":{"rendered":"\t\t<div data-elementor-type=\"wp-page\" data-elementor-id=\"35\" class=\"elementor elementor-35\">\n\t\t\t\t<div class=\"elementor-element elementor-element-undefined-6085d40 e-flex e-con-boxed e-con e-parent\" data-id=\"undefined-6085d40\" data-element_type=\"container\" data-e-type=\"container\" data-settings=\"{&quot;background_background&quot;:&quot;classic&quot;}\">\n\t\t\t\t\t<div class=\"e-con-inner\">\n\t\t\t\t<div class=\"elementor-element elementor-element-undefined-89799cc elementor-invisible elementor-widget elementor-widget-heading\" data-id=\"undefined-89799cc\" data-element_type=\"widget\" data-e-type=\"widget\" data-settings=\"{&quot;_animation&quot;:&quot;fadeIn&quot;,&quot;_animation_delay&quot;:100}\" data-widget_type=\"heading.default\">\n\t\t\t\t<div class=\"elementor-widget-container\">\n\t\t\t\t\t<h5 class=\"elementor-heading-title elementor-size-default\">Warsztaty matematyczne<\/h5>\t\t\t\t<\/div>\n\t\t\t\t<\/div>\n\t\t\t\t<div class=\"elementor-element elementor-element-undefined-ad1b2c8 elementor-invisible elementor-widget elementor-widget-heading\" data-id=\"undefined-ad1b2c8\" data-element_type=\"widget\" data-e-type=\"widget\" data-settings=\"{&quot;_animation&quot;:&quot;fadeIn&quot;}\" data-widget_type=\"heading.default\">\n\t\t\t\t<div class=\"elementor-widget-container\">\n\t\t\t\t\t<h1 class=\"elementor-heading-title elementor-size-default\">Odkryj przyjemno\u015b\u0107 z nauki matematyki<\/h1>\t\t\t\t<\/div>\n\t\t\t\t<\/div>\n\t\t\t\t<div class=\"elementor-element elementor-element-bf6cd05 elementor-invisible elementor-widget elementor-widget-heading\" data-id=\"bf6cd05\" data-element_type=\"widget\" data-e-type=\"widget\" data-settings=\"{&quot;_animation&quot;:&quot;fadeIn&quot;}\" data-widget_type=\"heading.default\">\n\t\t\t\t<div class=\"elementor-widget-container\">\n\t\t\t\t\t<h5 class=\"elementor-heading-title elementor-size-default\">Korepetycje dopasowane do Twoich potrzeb \u2013 skutecznie, spokojnie, z pasj\u0105.<\/h5>\t\t\t\t<\/div>\n\t\t\t\t<\/div>\n\t\t\t\t<div class=\"elementor-element elementor-element-undefined-36390b2 elementor-widget__width-auto elementor-align-right elementor-invisible elementor-widget elementor-widget-button\" data-id=\"undefined-36390b2\" data-element_type=\"widget\" data-e-type=\"widget\" data-settings=\"{&quot;_animation&quot;:&quot;fadeInDown&quot;}\" data-widget_type=\"button.default\">\n\t\t\t\t<div class=\"elementor-widget-container\">\n\t\t\t\t\t\t\t\t\t<div class=\"elementor-button-wrapper\">\n\t\t\t\t\t<a class=\"elementor-button elementor-button-link elementor-size-sm\" href=\"https:\/\/math-hempel.pl\/index.php\/oferta\/\">\n\t\t\t\t\t\t<span class=\"elementor-button-content-wrapper\">\n\t\t\t\t\t\t\t\t\t<span class=\"elementor-button-text\">Zobacz ofert\u0119<\/span>\n\t\t\t\t\t<\/span>\n\t\t\t\t\t<\/a>\n\t\t\t\t<\/div>\n\t\t\t\t\t\t\t\t<\/div>\n\t\t\t\t<\/div>\n\t\t\t\t\t<\/div>\n\t\t\t\t<\/div>\n\t\t<div class=\"elementor-element elementor-element-e450f4f e-flex e-con-boxed e-con e-parent\" data-id=\"e450f4f\" data-element_type=\"container\" data-e-type=\"container\">\n\t\t\t\t\t<div class=\"e-con-inner\">\n\t\t\t\t<div class=\"elementor-element elementor-element-e43e43c elementor-widget-divider--view-line elementor-widget elementor-widget-divider\" data-id=\"e43e43c\" data-element_type=\"widget\" data-e-type=\"widget\" data-widget_type=\"divider.default\">\n\t\t\t\t<div class=\"elementor-widget-container\">\n\t\t\t\t\t\t\t<div class=\"elementor-divider\">\n\t\t\t<span class=\"elementor-divider-separator\">\n\t\t\t\t\t\t<\/span>\n\t\t<\/div>\n\t\t\t\t\t\t<\/div>\n\t\t\t\t<\/div>\n\t\t\t\t\t<\/div>\n\t\t\t\t<\/div>\n\t\t<div class=\"elementor-element elementor-element-b48c592 e-flex e-con-boxed e-con e-parent\" data-id=\"b48c592\" data-element_type=\"container\" data-e-type=\"container\">\n\t\t\t\t\t<div class=\"e-con-inner\">\n\t\t\t\t<div class=\"elementor-element elementor-element-e34487b elementor-widget elementor-widget-heading\" data-id=\"e34487b\" data-element_type=\"widget\" data-e-type=\"widget\" data-widget_type=\"heading.default\">\n\t\t\t\t<div class=\"elementor-widget-container\">\n\t\t\t\t\t<h2 class=\"elementor-heading-title elementor-size-default\">Misja<\/h2>\t\t\t\t<\/div>\n\t\t\t\t<\/div>\n\t\t\t\t<div class=\"elementor-element elementor-element-ffba4e3 elementor-widget elementor-widget-text-editor\" data-id=\"ffba4e3\" data-element_type=\"widget\" data-e-type=\"widget\" data-widget_type=\"text-editor.default\">\n\t\t\t\t<div class=\"elementor-widget-container\">\n\t\t\t\t\t\t\t\t\t<p data-start=\"136\" data-end=\"420\"><span class=\"_fadeIn_pfttw_8\">Moj\u0105 <\/span><span class=\"_fadeIn_pfttw_8\">\u017cyciow\u0105 <\/span><span class=\"_fadeIn_pfttw_8\">misj\u0105 <\/span><span class=\"_fadeIn_pfttw_8\">jest <\/span><span class=\"_fadeIn_pfttw_8\">upowszechnianie <\/span><span class=\"_fadeIn_pfttw_8\">wiedzy \u2013 <\/span><span class=\"_fadeIn_pfttw_8\">szczeg\u00f3lnie <\/span><span class=\"_fadeIn_pfttw_8\">matematycznej \u2013 <\/span><span class=\"_fadeIn_pfttw_8\">oraz <\/span><span class=\"_fadeIn_pfttw_8\">wspieranie <\/span><span class=\"_fadeIn_pfttw_8\">m\u0142odego <\/span><span class=\"_fadeIn_pfttw_8\">pokolenia <\/span><span class=\"_fadeIn_pfttw_8\">w <\/span><span class=\"_fadeIn_pfttw_8\">rozwoju <\/span><span class=\"_fadeIn_pfttw_8\">intelektualnym. <\/span><span class=\"_fadeIn_pfttw_8\">Pracuj\u0119 <\/span><span class=\"_fadeIn_pfttw_8\">zar\u00f3wno <\/span><span class=\"_fadeIn_pfttw_8\">z <\/span><span class=\"_fadeIn_pfttw_8\">uczniami <\/span><span class=\"_fadeIn_pfttw_8\">wymagaj\u0105cymi <\/span><span class=\"_fadeIn_pfttw_8\">wyr\u00f3wnania <\/span><span class=\"_fadeIn_pfttw_8\">brak\u00f3w, <\/span><span class=\"_fadeIn_pfttw_8\">jak <\/span><span class=\"_fadeIn_pfttw_8\">i <\/span><span class=\"_fadeIn_pfttw_8\">z <\/span><span class=\"_fadeIn_pfttw_8\">tymi, <\/span><span class=\"_fadeIn_pfttw_8\">kt\u00f3rzy <\/span><span class=\"_fadeIn_pfttw_8\">pragn\u0105 <\/span><span class=\"_fadeIn_pfttw_8\">rozwija\u0107 <\/span><span class=\"_fadeIn_pfttw_8\">swoje <\/span><span class=\"_fadeIn_pfttw_8\">matematyczne <\/span><span class=\"_fadeIn_pfttw_8\">talenty <\/span><span class=\"_fadeIn_pfttw_8\">ponad <\/span><span class=\"_fadeIn_pfttw_8\">program <\/span><span class=\"_fadeIn_pfttw_8\">nauczania.<\/span><\/p><p data-start=\"422\" data-end=\"545\"><span class=\"_fadeIn_pfttw_8\">Poprzez <\/span><span class=\"_fadeIn_pfttw_8\">nauczanie <\/span><span class=\"_fadeIn_pfttw_8\">matematyki <\/span><span class=\"_fadeIn_pfttw_8\">d\u0105\u017c\u0119 <\/span><span class=\"_fadeIn_pfttw_8\">do <\/span><span class=\"_fadeIn_pfttw_8\">czego\u015b <\/span><span class=\"_fadeIn_pfttw_8\">wi\u0119cej <\/span><span class=\"_fadeIn_pfttw_8\">ni\u017c <\/span><span class=\"_fadeIn_pfttw_8\">tylko <\/span><span class=\"_fadeIn_pfttw_8\">przekazywania <\/span><span class=\"_fadeIn_pfttw_8\">wiedzy \u2013 <\/span><span class=\"_fadeIn_pfttw_8\">chc\u0119 <\/span><span class=\"_fadeIn_pfttw_8\">kszta\u0142towa\u0107 <\/span><span class=\"_fadeIn_pfttw_8\">spos\u00f3b <\/span><span class=\"_fadeIn_pfttw_8\">my\u015blenia. <\/span><span class=\"_fadeIn_pfttw_8\">Ucz\u0119:<\/span><\/p>\t\t\t\t\t\t\t\t<\/div>\n\t\t\t\t<\/div>\n\t\t\t\t<div class=\"elementor-element elementor-element-7f26955 elementor-widget-divider--view-line elementor-widget elementor-widget-divider\" data-id=\"7f26955\" data-element_type=\"widget\" data-e-type=\"widget\" data-widget_type=\"divider.default\">\n\t\t\t\t<div class=\"elementor-widget-container\">\n\t\t\t\t\t\t\t<div class=\"elementor-divider\">\n\t\t\t<span class=\"elementor-divider-separator\">\n\t\t\t\t\t\t<\/span>\n\t\t<\/div>\n\t\t\t\t\t\t<\/div>\n\t\t\t\t<\/div>\n\t\t<div class=\"elementor-element elementor-element-c1fcf28 e-con-full e-flex e-con e-child\" data-id=\"c1fcf28\" data-element_type=\"container\" data-e-type=\"container\">\n\t\t<div class=\"elementor-element elementor-element-d123ede e-con-full e-flex e-con e-child\" data-id=\"d123ede\" data-element_type=\"container\" data-e-type=\"container\">\n\t\t\t\t<div class=\"elementor-element elementor-element-a8b7b5e elementor-widget elementor-widget-image\" data-id=\"a8b7b5e\" data-element_type=\"widget\" data-e-type=\"widget\" data-widget_type=\"image.default\">\n\t\t\t\t<div class=\"elementor-widget-container\">\n\t\t\t\t\t\t\t\t\t\t\t\t\t\t\t<img fetchpriority=\"high\" decoding=\"async\" width=\"512\" height=\"512\" src=\"https:\/\/math-hempel.pl\/wp-content\/uploads\/2025\/05\/market.png\" class=\"elementor-animation-pulse attachment-full size-full wp-image-79\" alt=\"Ikona autorstwa Freepik na Freepik\" \/>\t\t\t\t\t\t\t\t\t\t\t\t\t\t\t<\/div>\n\t\t\t\t<\/div>\n\t\t\t\t<div class=\"elementor-element elementor-element-ab5a48a elementor-widget elementor-widget-heading\" data-id=\"ab5a48a\" data-element_type=\"widget\" data-e-type=\"widget\" data-widget_type=\"heading.default\">\n\t\t\t\t<div class=\"elementor-widget-container\">\n\t\t\t\t\t<h3 class=\"elementor-heading-title elementor-size-default\">Analizowa\u0107  problemy  i  dostrzega\u0107 ich  struktur\u0119 <\/h3>\t\t\t\t<\/div>\n\t\t\t\t<\/div>\n\t\t\t\t<\/div>\n\t\t<div class=\"elementor-element elementor-element-35eedd9 e-con-full e-flex e-con e-child\" data-id=\"35eedd9\" data-element_type=\"container\" data-e-type=\"container\">\n\t\t\t\t<div class=\"elementor-element elementor-element-2b28ae6 elementor-widget elementor-widget-image\" data-id=\"2b28ae6\" data-element_type=\"widget\" data-e-type=\"widget\" data-widget_type=\"image.default\">\n\t\t\t\t<div class=\"elementor-widget-container\">\n\t\t\t\t\t\t\t\t\t\t\t\t\t\t\t<img decoding=\"async\" width=\"512\" height=\"512\" src=\"https:\/\/math-hempel.pl\/wp-content\/uploads\/2025\/05\/artificial-intelligence.png\" class=\"elementor-animation-pulse attachment-full size-full wp-image-81\" alt=\"Ikona autorstwa Freepik na Freepik\" \/>\t\t\t\t\t\t\t\t\t\t\t\t\t\t\t<\/div>\n\t\t\t\t<\/div>\n\t\t\t\t<div class=\"elementor-element elementor-element-e321af7 elementor-widget elementor-widget-heading\" data-id=\"e321af7\" data-element_type=\"widget\" data-e-type=\"widget\" data-widget_type=\"heading.default\">\n\t\t\t\t<div class=\"elementor-widget-container\">\n\t\t\t\t\t<h3 class=\"elementor-heading-title elementor-size-default\">My\u015ble\u0107  samodzielnie i krytycznie \u2013 nie tylko  w  matematyce, ale i w \u017cyciu<\/h3>\t\t\t\t<\/div>\n\t\t\t\t<\/div>\n\t\t\t\t<\/div>\n\t\t<div class=\"elementor-element elementor-element-36ecac7 e-con-full e-flex e-con e-child\" data-id=\"36ecac7\" data-element_type=\"container\" data-e-type=\"container\">\n\t\t\t\t<div class=\"elementor-element elementor-element-0f5cd62 elementor-widget elementor-widget-image\" data-id=\"0f5cd62\" data-element_type=\"widget\" data-e-type=\"widget\" data-widget_type=\"image.default\">\n\t\t\t\t<div class=\"elementor-widget-container\">\n\t\t\t\t\t\t\t\t\t\t\t\t<figure class=\"wp-caption\">\n\t\t\t\t\t\t\t\t\t\t<img decoding=\"async\" width=\"512\" height=\"512\" src=\"https:\/\/math-hempel.pl\/wp-content\/uploads\/2025\/05\/tips.png\" class=\"elementor-animation-pulse attachment-full size-full wp-image-80\" alt=\"Ikona autorstwa Freepik na Freepik\" \/>\t\t\t\t\t\t\t\t\t\t\t<figcaption class=\"widget-image-caption wp-caption-text\"><\/figcaption>\n\t\t\t\t\t\t\t\t\t\t<\/figure>\n\t\t\t\t\t\t\t\t\t<\/div>\n\t\t\t\t<\/div>\n\t\t\t\t<div class=\"elementor-element elementor-element-ad7a3de elementor-widget elementor-widget-heading\" data-id=\"ad7a3de\" data-element_type=\"widget\" data-e-type=\"widget\" data-widget_type=\"heading.default\">\n\t\t\t\t<div class=\"elementor-widget-container\">\n\t\t\t\t\t<h3 class=\"elementor-heading-title elementor-size-default\">Rozwijania zdolno\u015bci logicznego rozumowania <\/h3>\t\t\t\t<\/div>\n\t\t\t\t<\/div>\n\t\t\t\t<\/div>\n\t\t\t\t<\/div>\n\t\t\t\t\t<\/div>\n\t\t\t\t<\/div>\n\t\t<div class=\"elementor-element elementor-element-ed097df e-flex e-con-boxed e-con e-parent\" data-id=\"ed097df\" data-element_type=\"container\" data-e-type=\"container\">\n\t\t\t\t\t<div class=\"e-con-inner\">\n\t\t\t\t<div class=\"elementor-element elementor-element-b2ddbee elementor-widget elementor-widget-spacer\" data-id=\"b2ddbee\" data-element_type=\"widget\" data-e-type=\"widget\" data-widget_type=\"spacer.default\">\n\t\t\t\t<div class=\"elementor-widget-container\">\n\t\t\t\t\t\t\t<div class=\"elementor-spacer\">\n\t\t\t<div class=\"elementor-spacer-inner\"><\/div>\n\t\t<\/div>\n\t\t\t\t\t\t<\/div>\n\t\t\t\t<\/div>\n\t\t\t\t\t<\/div>\n\t\t\t\t<\/div>\n\t\t\t\t<\/div>\n\t\t","protected":false},"excerpt":{"rendered":"<p>Warsztaty matematyczne Odkryj przyjemno\u015b\u0107 z nauki matematyki Korepetycje dopasowane do Twoich potrzeb \u2013 skutecznie, spokojnie, z pasj\u0105. Zobacz ofert\u0119 Misja Moj\u0105 \u017cyciow\u0105 misj\u0105 jest upowszechnianie wiedzy \u2013 szczeg\u00f3lnie matematycznej \u2013 oraz wspieranie m\u0142odego pokolenia w rozwoju intelektualnym. Pracuj\u0119 zar\u00f3wno z uczniami wymagaj\u0105cymi wyr\u00f3wnania brak\u00f3w, jak i z tymi, kt\u00f3rzy pragn\u0105 rozwija\u0107 swoje matematyczne talenty ponad [&hellip;]<\/p>\n","protected":false},"author":1,"featured_media":805,"parent":0,"menu_order":0,"comment_status":"closed","ping_status":"closed","template":"","meta":{"_eb_attr":"","footnotes":""},"class_list":["post-35","page","type-page","status-publish","has-post-thumbnail","hentry"],"yoast_head":"<!-- This site is optimized with the Yoast SEO plugin v27.2 - https:\/\/yoast.com\/product\/yoast-seo-wordpress\/ -->\n<title>Strona g\u0142\u00f3wna - math-hempel.pl<\/title>\n<meta name=\"robots\" content=\"index, follow, max-snippet:-1, max-image-preview:large, max-video-preview:-1\" \/>\n<link rel=\"canonical\" href=\"https:\/\/math-hempel.pl\/\" \/>\n<meta property=\"og:locale\" content=\"pl_PL\" \/>\n<meta property=\"og:type\" content=\"article\" \/>\n<meta property=\"og:title\" content=\"Strona g\u0142\u00f3wna - math-hempel.pl\" \/>\n<meta property=\"og:description\" content=\"Warsztaty matematyczne Odkryj przyjemno\u015b\u0107 z nauki matematyki Korepetycje dopasowane do Twoich potrzeb \u2013 skutecznie, spokojnie, z pasj\u0105. Zobacz ofert\u0119 Misja Moj\u0105 \u017cyciow\u0105 misj\u0105 jest upowszechnianie wiedzy \u2013 szczeg\u00f3lnie matematycznej \u2013 oraz wspieranie m\u0142odego pokolenia w rozwoju intelektualnym. Pracuj\u0119 zar\u00f3wno z uczniami wymagaj\u0105cymi wyr\u00f3wnania brak\u00f3w, jak i z tymi, kt\u00f3rzy pragn\u0105 rozwija\u0107 swoje matematyczne talenty ponad [&hellip;]\" \/>\n<meta property=\"og:url\" content=\"https:\/\/math-hempel.pl\/\" \/>\n<meta property=\"og:site_name\" content=\"math-hempel.pl\" \/>\n<meta property=\"article:publisher\" content=\"https:\/\/www.facebook.com\/profile.php?id=100093551768843\" \/>\n<meta property=\"article:modified_time\" content=\"2025-06-14T08:30:20+00:00\" \/>\n<meta property=\"og:image\" content=\"https:\/\/math-hempel.pl\/wp-content\/uploads\/2025\/05\/cropped-logo.jpg\" \/>\n\t<meta property=\"og:image:width\" content=\"512\" \/>\n\t<meta property=\"og:image:height\" content=\"512\" \/>\n\t<meta property=\"og:image:type\" content=\"image\/jpeg\" \/>\n<meta name=\"twitter:card\" content=\"summary_large_image\" \/>\n<meta name=\"twitter:label1\" content=\"Szacowany czas czytania\" \/>\n\t<meta name=\"twitter:data1\" content=\"2 minuty\" \/>\n<script type=\"application\/ld+json\" class=\"yoast-schema-graph\">{\"@context\":\"https:\/\/schema.org\",\"@graph\":[{\"@type\":\"WebPage\",\"@id\":\"https:\/\/math-hempel.pl\/\",\"url\":\"https:\/\/math-hempel.pl\/\",\"name\":\"Strona g\u0142\u00f3wna - math-hempel.pl\",\"isPartOf\":{\"@id\":\"https:\/\/math-hempel.pl\/#website\"},\"primaryImageOfPage\":{\"@id\":\"https:\/\/math-hempel.pl\/#primaryimage\"},\"image\":{\"@id\":\"https:\/\/math-hempel.pl\/#primaryimage\"},\"thumbnailUrl\":\"https:\/\/math-hempel.pl\/wp-content\/uploads\/2025\/05\/cropped-logo.jpg\",\"datePublished\":\"2025-05-06T11:00:24+00:00\",\"dateModified\":\"2025-06-14T08:30:20+00:00\",\"breadcrumb\":{\"@id\":\"https:\/\/math-hempel.pl\/#breadcrumb\"},\"inLanguage\":\"pl-PL\",\"potentialAction\":[{\"@type\":\"ReadAction\",\"target\":[\"https:\/\/math-hempel.pl\/\"]}]},{\"@type\":\"ImageObject\",\"inLanguage\":\"pl-PL\",\"@id\":\"https:\/\/math-hempel.pl\/#primaryimage\",\"url\":\"https:\/\/math-hempel.pl\/wp-content\/uploads\/2025\/05\/cropped-logo.jpg\",\"contentUrl\":\"https:\/\/math-hempel.pl\/wp-content\/uploads\/2025\/05\/cropped-logo.jpg\",\"width\":512,\"height\":512},{\"@type\":\"BreadcrumbList\",\"@id\":\"https:\/\/math-hempel.pl\/#breadcrumb\",\"itemListElement\":[{\"@type\":\"ListItem\",\"position\":1,\"name\":\"Strona g\u0142\u00f3wna\",\"item\":\"https:\/\/math-hempel.pl\/\"},{\"@type\":\"ListItem\",\"position\":2,\"name\":\"Strona g\u0142\u00f3wna\"}]},{\"@type\":\"WebSite\",\"@id\":\"https:\/\/math-hempel.pl\/#website\",\"url\":\"https:\/\/math-hempel.pl\/\",\"name\":\"math-hempel.pl\",\"description\":\"\",\"publisher\":{\"@id\":\"https:\/\/math-hempel.pl\/#organization\"},\"potentialAction\":[{\"@type\":\"SearchAction\",\"target\":{\"@type\":\"EntryPoint\",\"urlTemplate\":\"https:\/\/math-hempel.pl\/?s={search_term_string}\"},\"query-input\":{\"@type\":\"PropertyValueSpecification\",\"valueRequired\":true,\"valueName\":\"search_term_string\"}}],\"inLanguage\":\"pl-PL\"},{\"@type\":\"Organization\",\"@id\":\"https:\/\/math-hempel.pl\/#organization\",\"name\":\"math-hempel Patryk Hempel\",\"url\":\"https:\/\/math-hempel.pl\/\",\"logo\":{\"@type\":\"ImageObject\",\"inLanguage\":\"pl-PL\",\"@id\":\"https:\/\/math-hempel.pl\/#\/schema\/logo\/image\/\",\"url\":\"https:\/\/math-hempel.pl\/wp-content\/uploads\/2025\/05\/cropped-logo.jpg\",\"contentUrl\":\"https:\/\/math-hempel.pl\/wp-content\/uploads\/2025\/05\/cropped-logo.jpg\",\"width\":512,\"height\":512,\"caption\":\"math-hempel Patryk Hempel\"},\"image\":{\"@id\":\"https:\/\/math-hempel.pl\/#\/schema\/logo\/image\/\"},\"sameAs\":[\"https:\/\/www.facebook.com\/profile.php?id=100093551768843\"]}]}<\/script>\n<!-- \/ Yoast SEO plugin. -->","yoast_head_json":{"title":"Strona g\u0142\u00f3wna - math-hempel.pl","robots":{"index":"index","follow":"follow","max-snippet":"max-snippet:-1","max-image-preview":"max-image-preview:large","max-video-preview":"max-video-preview:-1"},"canonical":"https:\/\/math-hempel.pl\/","og_locale":"pl_PL","og_type":"article","og_title":"Strona g\u0142\u00f3wna - math-hempel.pl","og_description":"Warsztaty matematyczne Odkryj przyjemno\u015b\u0107 z nauki matematyki Korepetycje dopasowane do Twoich potrzeb \u2013 skutecznie, spokojnie, z pasj\u0105. Zobacz ofert\u0119 Misja Moj\u0105 \u017cyciow\u0105 misj\u0105 jest upowszechnianie wiedzy \u2013 szczeg\u00f3lnie matematycznej \u2013 oraz wspieranie m\u0142odego pokolenia w rozwoju intelektualnym. Pracuj\u0119 zar\u00f3wno z uczniami wymagaj\u0105cymi wyr\u00f3wnania brak\u00f3w, jak i z tymi, kt\u00f3rzy pragn\u0105 rozwija\u0107 swoje matematyczne talenty ponad [&hellip;]","og_url":"https:\/\/math-hempel.pl\/","og_site_name":"math-hempel.pl","article_publisher":"https:\/\/www.facebook.com\/profile.php?id=100093551768843","article_modified_time":"2025-06-14T08:30:20+00:00","og_image":[{"width":512,"height":512,"url":"https:\/\/math-hempel.pl\/wp-content\/uploads\/2025\/05\/cropped-logo.jpg","type":"image\/jpeg"}],"twitter_card":"summary_large_image","twitter_misc":{"Szacowany czas czytania":"2 minuty"},"schema":{"@context":"https:\/\/schema.org","@graph":[{"@type":"WebPage","@id":"https:\/\/math-hempel.pl\/","url":"https:\/\/math-hempel.pl\/","name":"Strona g\u0142\u00f3wna - math-hempel.pl","isPartOf":{"@id":"https:\/\/math-hempel.pl\/#website"},"primaryImageOfPage":{"@id":"https:\/\/math-hempel.pl\/#primaryimage"},"image":{"@id":"https:\/\/math-hempel.pl\/#primaryimage"},"thumbnailUrl":"https:\/\/math-hempel.pl\/wp-content\/uploads\/2025\/05\/cropped-logo.jpg","datePublished":"2025-05-06T11:00:24+00:00","dateModified":"2025-06-14T08:30:20+00:00","breadcrumb":{"@id":"https:\/\/math-hempel.pl\/#breadcrumb"},"inLanguage":"pl-PL","potentialAction":[{"@type":"ReadAction","target":["https:\/\/math-hempel.pl\/"]}]},{"@type":"ImageObject","inLanguage":"pl-PL","@id":"https:\/\/math-hempel.pl\/#primaryimage","url":"https:\/\/math-hempel.pl\/wp-content\/uploads\/2025\/05\/cropped-logo.jpg","contentUrl":"https:\/\/math-hempel.pl\/wp-content\/uploads\/2025\/05\/cropped-logo.jpg","width":512,"height":512},{"@type":"BreadcrumbList","@id":"https:\/\/math-hempel.pl\/#breadcrumb","itemListElement":[{"@type":"ListItem","position":1,"name":"Strona g\u0142\u00f3wna","item":"https:\/\/math-hempel.pl\/"},{"@type":"ListItem","position":2,"name":"Strona g\u0142\u00f3wna"}]},{"@type":"WebSite","@id":"https:\/\/math-hempel.pl\/#website","url":"https:\/\/math-hempel.pl\/","name":"math-hempel.pl","description":"","publisher":{"@id":"https:\/\/math-hempel.pl\/#organization"},"potentialAction":[{"@type":"SearchAction","target":{"@type":"EntryPoint","urlTemplate":"https:\/\/math-hempel.pl\/?s={search_term_string}"},"query-input":{"@type":"PropertyValueSpecification","valueRequired":true,"valueName":"search_term_string"}}],"inLanguage":"pl-PL"},{"@type":"Organization","@id":"https:\/\/math-hempel.pl\/#organization","name":"math-hempel Patryk Hempel","url":"https:\/\/math-hempel.pl\/","logo":{"@type":"ImageObject","inLanguage":"pl-PL","@id":"https:\/\/math-hempel.pl\/#\/schema\/logo\/image\/","url":"https:\/\/math-hempel.pl\/wp-content\/uploads\/2025\/05\/cropped-logo.jpg","contentUrl":"https:\/\/math-hempel.pl\/wp-content\/uploads\/2025\/05\/cropped-logo.jpg","width":512,"height":512,"caption":"math-hempel Patryk Hempel"},"image":{"@id":"https:\/\/math-hempel.pl\/#\/schema\/logo\/image\/"},"sameAs":["https:\/\/www.facebook.com\/profile.php?id=100093551768843"]}]}},"_links":{"self":[{"href":"https:\/\/math-hempel.pl\/index.php\/wp-json\/wp\/v2\/pages\/35","targetHints":{"allow":["GET"]}}],"collection":[{"href":"https:\/\/math-hempel.pl\/index.php\/wp-json\/wp\/v2\/pages"}],"about":[{"href":"https:\/\/math-hempel.pl\/index.php\/wp-json\/wp\/v2\/types\/page"}],"author":[{"embeddable":true,"href":"https:\/\/math-hempel.pl\/index.php\/wp-json\/wp\/v2\/users\/1"}],"replies":[{"embeddable":true,"href":"https:\/\/math-hempel.pl\/index.php\/wp-json\/wp\/v2\/comments?post=35"}],"version-history":[{"count":69,"href":"https:\/\/math-hempel.pl\/index.php\/wp-json\/wp\/v2\/pages\/35\/revisions"}],"predecessor-version":[{"id":813,"href":"https:\/\/math-hempel.pl\/index.php\/wp-json\/wp\/v2\/pages\/35\/revisions\/813"}],"wp:featuredmedia":[{"embeddable":true,"href":"https:\/\/math-hempel.pl\/index.php\/wp-json\/wp\/v2\/media\/805"}],"wp:attachment":[{"href":"https:\/\/math-hempel.pl\/index.php\/wp-json\/wp\/v2\/media?parent=35"}],"curies":[{"name":"wp","href":"https:\/\/api.w.org\/{rel}","templated":true}]}}