{"id":58,"date":"2025-05-06T14:26:37","date_gmt":"2025-05-06T12:26:37","guid":{"rendered":"https:\/\/math-hempel.pl\/wordpress\/?page_id=58"},"modified":"2025-06-14T10:32:01","modified_gmt":"2025-06-14T08:32:01","slug":"o-mnie","status":"publish","type":"page","link":"https:\/\/math-hempel.pl\/index.php\/o-mnie\/","title":{"rendered":"O Mnie"},"content":{"rendered":"\t\t<div data-elementor-type=\"wp-page\" data-elementor-id=\"58\" class=\"elementor elementor-58\">\n\t\t\t\t<div class=\"elementor-element elementor-element-35b7422 e-flex e-con-boxed e-con e-parent\" data-id=\"35b7422\" data-element_type=\"container\" data-e-type=\"container\" data-settings=\"{&quot;background_background&quot;:&quot;classic&quot;}\">\n\t\t\t\t\t<div class=\"e-con-inner\">\n\t\t\t\t<div class=\"elementor-element elementor-element-470dd68 elementor-widget elementor-widget-spacer\" data-id=\"470dd68\" data-element_type=\"widget\" data-e-type=\"widget\" data-widget_type=\"spacer.default\">\n\t\t\t\t<div class=\"elementor-widget-container\">\n\t\t\t\t\t\t\t<div class=\"elementor-spacer\">\n\t\t\t<div class=\"elementor-spacer-inner\"><\/div>\n\t\t<\/div>\n\t\t\t\t\t\t<\/div>\n\t\t\t\t<\/div>\n\t\t<div class=\"elementor-element elementor-element-bd23c3e e-con-full e-flex e-con e-child\" data-id=\"bd23c3e\" data-element_type=\"container\" data-e-type=\"container\">\n\t\t\t\t<div class=\"elementor-element elementor-element-352ff27 elementor-widget elementor-widget-spacer\" data-id=\"352ff27\" data-element_type=\"widget\" data-e-type=\"widget\" data-widget_type=\"spacer.default\">\n\t\t\t\t<div class=\"elementor-widget-container\">\n\t\t\t\t\t\t\t<div class=\"elementor-spacer\">\n\t\t\t<div class=\"elementor-spacer-inner\"><\/div>\n\t\t<\/div>\n\t\t\t\t\t\t<\/div>\n\t\t\t\t<\/div>\n\t\t\t\t<div class=\"elementor-element elementor-element-0da4f87 elementor-widget elementor-widget-heading\" data-id=\"0da4f87\" data-element_type=\"widget\" data-e-type=\"widget\" data-widget_type=\"heading.default\">\n\t\t\t\t<div class=\"elementor-widget-container\">\n\t\t\t\t\t<h2 class=\"elementor-heading-title elementor-size-default\">O Mnie<\/h2>\t\t\t\t<\/div>\n\t\t\t\t<\/div>\n\t\t\t\t<\/div>\n\t\t\t\t\t<\/div>\n\t\t\t\t<\/div>\n\t\t<div class=\"elementor-element elementor-element-40983ae e-flex e-con-boxed e-con e-parent\" data-id=\"40983ae\" data-element_type=\"container\" data-e-type=\"container\">\n\t\t\t\t\t<div class=\"e-con-inner\">\n\t\t\t\t<div class=\"elementor-element elementor-element-b8f0721 elementor-widget elementor-widget-text-editor\" data-id=\"b8f0721\" data-element_type=\"widget\" data-e-type=\"widget\" data-widget_type=\"text-editor.default\">\n\t\t\t\t<div class=\"elementor-widget-container\">\n\t\t\t\t\t\t\t\t\t<p data-start=\"74\" data-end=\"380\"><span class=\"_fadeIn_pfttw_8\">Jestem <\/span><span class=\"_fadeIn_pfttw_8\">absolwentem <\/span><span class=\"_fadeIn_pfttw_8\">Indywidualnych <\/span><span class=\"_fadeIn_pfttw_8\">Studi\u00f3w <\/span><span class=\"_fadeIn_pfttw_8\">Nauczycielskich <\/span><span class=\"_fadeIn_pfttw_8\">na <\/span><span class=\"_fadeIn_pfttw_8\">Uniwersytecie <\/span><span class=\"_fadeIn_pfttw_8\">\u015al\u0105skim \u2013 <\/span><span class=\"_fadeIn_pfttw_8\">unikalnego <\/span><span class=\"_fadeIn_pfttw_8\">programu, <\/span><span class=\"_fadeIn_pfttw_8\">kt\u00f3ry <\/span><span class=\"_fadeIn_pfttw_8\">pozwoli\u0142 <\/span><span class=\"_fadeIn_pfttw_8\">mi <\/span><span class=\"_fadeIn_pfttw_8\">spojrze\u0107 <\/span><span class=\"_fadeIn_pfttw_8\">na <\/span><span class=\"_fadeIn_pfttw_8\">edukacj\u0119 <\/span><span class=\"_fadeIn_pfttw_8\">z <\/span><span class=\"_fadeIn_pfttw_8\">nowej <\/span><span class=\"_fadeIn_pfttw_8\">perspektywy. <\/span><span class=\"_fadeIn_pfttw_8\">Dzi\u0119ki <\/span><span class=\"_fadeIn_pfttw_8\">elastycznej <\/span><span class=\"_fadeIn_pfttw_8\">\u015bcie\u017cce <\/span><span class=\"_fadeIn_pfttw_8\">kszta\u0142cenia <\/span><span class=\"_fadeIn_pfttw_8\">uzyska\u0142em <\/span><span class=\"_fadeIn_pfttw_8\">dwa <\/span><span class=\"_fadeIn_pfttw_8\">dyplomy: <\/span><span class=\"_fadeIn_pfttw_8\">z <\/span><span class=\"_fadeIn_pfttw_8\">Matematyki <\/span><span class=\"_fadeIn_pfttw_8\">oraz <\/span><span class=\"_fadeIn_pfttw_8\">z <\/span><span class=\"_fadeIn_pfttw_8\">Pedagogiki <\/span><span class=\"_fadeIn_pfttw_8\">opieku\u0144czo-<\/span><span class=\"_fadeIn_pfttw_8\">wychowawczej <\/span><span class=\"_fadeIn_pfttw_8\">z <\/span><span class=\"_fadeIn_pfttw_8\">terapi\u0105 <\/span><span class=\"_fadeIn_pfttw_8\">pedagogiczn\u0105.<\/span><\/p><p data-start=\"382\" data-end=\"583\"><span class=\"_fadeIn_pfttw_8\">Po\u0142\u0105czenie <\/span><span class=\"_fadeIn_pfttw_8\">tych <\/span><span class=\"_fadeIn_pfttw_8\">dw\u00f3ch <\/span><span class=\"_fadeIn_pfttw_8\">obszar\u00f3w <\/span><span class=\"_fadeIn_pfttw_8\">sprawi\u0142o, <\/span><span class=\"_fadeIn_pfttw_8\">\u017ce <\/span><span class=\"_fadeIn_pfttw_8\">nauczanie <\/span><span class=\"_fadeIn_pfttw_8\">matematyki <\/span><span class=\"_fadeIn_pfttw_8\">traktuj\u0119 <\/span><span class=\"_fadeIn_pfttw_8\">nie <\/span><span class=\"_fadeIn_pfttw_8\">tylko <\/span><span class=\"_fadeIn_pfttw_8\">jako <\/span><span class=\"_fadeIn_pfttw_8\">przekazywanie <\/span><span class=\"_fadeIn_pfttw_8\">wiedzy, <\/span><span class=\"_fadeIn_pfttw_8\">ale <\/span><span class=\"_fadeIn_pfttw_8\">przede <\/span><span class=\"_fadeIn_pfttw_8\">wszystkim <\/span><span class=\"_fadeIn_pfttw_8\">jako <\/span><span class=\"_fadeIn_pfttw_8\">prac\u0119 <\/span><span class=\"_fadeIn_pfttw_8\">z <\/span><span class=\"_fadeIn_pfttw_8\">cz\u0142owiekiem \u2013 <\/span><span class=\"_fadeIn_pfttw_8\">z <\/span><span class=\"_fadeIn_pfttw_8\">jego <\/span><span class=\"_fadeIn_pfttw_8\">emocjami, <\/span><span class=\"_fadeIn_pfttw_8\">potrzebami <\/span><span class=\"_fadeIn_pfttw_8\">i <\/span><span class=\"_fadeIn_pfttw_8\">potencja\u0142em.<\/span><\/p><p data-start=\"585\" data-end=\"775\"><span class=\"_fadeIn_pfttw_8\">Mimo <\/span><span class=\"_fadeIn_pfttw_8\">m\u0142odego <\/span><span class=\"_fadeIn_pfttw_8\">wieku, <\/span><span class=\"_fadeIn_pfttw_8\">mam <\/span><span class=\"_fadeIn_pfttw_8\">ju\u017c <\/span><span class=\"_fadeIn_pfttw_8\">sze\u015b\u0107 <\/span><span class=\"_fadeIn_pfttw_8\">lat <\/span><span class=\"_fadeIn_pfttw_8\">do\u015bwiadczenia <\/span><span class=\"_fadeIn_pfttw_8\">w <\/span><span class=\"_fadeIn_pfttw_8\">pracy <\/span><span class=\"_fadeIn_pfttw_8\">z <\/span><span class=\"_fadeIn_pfttw_8\">m\u0142odzie\u017c\u0105. <\/span><span class=\"_fadeIn_pfttw_8\">To <\/span><span class=\"_fadeIn_pfttw_8\">w\u0142a\u015bnie <\/span><span class=\"_fadeIn_pfttw_8\">codzienny <\/span><span class=\"_fadeIn_pfttw_8\">kontakt <\/span><span class=\"_fadeIn_pfttw_8\">z <\/span><span class=\"_fadeIn_pfttw_8\">uczniami <\/span><span class=\"_fadeIn_pfttw_8\">kszta\u0142tuje <\/span><span class=\"_fadeIn_pfttw_8\">moje <\/span><span class=\"_fadeIn_pfttw_8\">podej\u015bcie <\/span><span class=\"_fadeIn_pfttw_8\">do <\/span><span class=\"_fadeIn_pfttw_8\">nauczania: <\/span><span class=\"_fadeIn_pfttw_8\">empatyczne, <\/span><span class=\"_fadeIn_pfttw_8\">zaanga\u017cowane <\/span><span class=\"_fadeIn_pfttw_8\">i <\/span><span class=\"_fadeIn_pfttw_8\">skuteczne.<\/span><\/p>\t\t\t\t\t\t\t\t<\/div>\n\t\t\t\t<\/div>\n\t\t\t\t\t<\/div>\n\t\t\t\t<\/div>\n\t\t<div class=\"elementor-element elementor-element-e5c649d e-con-full e-flex e-con e-parent\" data-id=\"e5c649d\" data-element_type=\"container\" data-e-type=\"container\" data-settings=\"{&quot;background_background&quot;:&quot;classic&quot;}\">\n\t\t\t\t<\/div>\n\t\t<div class=\"elementor-element elementor-element-04784f4 e-con-full e-flex e-con e-parent\" data-id=\"04784f4\" data-element_type=\"container\" data-e-type=\"container\" data-settings=\"{&quot;background_background&quot;:&quot;classic&quot;}\">\n\t\t<div class=\"elementor-element elementor-element-0bc18fc e-con-full e-flex e-con e-child\" data-id=\"0bc18fc\" data-element_type=\"container\" data-e-type=\"container\" data-settings=\"{&quot;background_background&quot;:&quot;classic&quot;}\">\n\t\t<div class=\"elementor-element elementor-element-d8edcd0 e-con-full e-flex e-con e-child\" data-id=\"d8edcd0\" data-element_type=\"container\" data-e-type=\"container\" data-settings=\"{&quot;background_background&quot;:&quot;classic&quot;}\">\n\t\t\t\t<\/div>\n\t\t<div class=\"elementor-element elementor-element-e7d77b8 e-con-full e-flex e-con e-child\" data-id=\"e7d77b8\" data-element_type=\"container\" data-e-type=\"container\" data-settings=\"{&quot;background_background&quot;:&quot;classic&quot;}\">\n\t\t\t\t<\/div>\n\t\t\t\t<\/div>\n\t\t\t\t<\/div>\n\t\t<div class=\"elementor-element elementor-element-db9d3eb e-con-full e-flex e-con e-parent\" data-id=\"db9d3eb\" data-element_type=\"container\" data-e-type=\"container\" data-settings=\"{&quot;background_background&quot;:&quot;classic&quot;}\">\n\t\t\t\t<\/div>\n\t\t<div class=\"elementor-element elementor-element-ec6bf63 e-con-full e-flex e-con e-parent\" data-id=\"ec6bf63\" data-element_type=\"container\" data-e-type=\"container\" data-settings=\"{&quot;background_background&quot;:&quot;classic&quot;}\">\n\t\t<div class=\"elementor-element elementor-element-1d06eee e-con-full e-flex e-con e-child\" data-id=\"1d06eee\" data-element_type=\"container\" data-e-type=\"container\" data-settings=\"{&quot;background_background&quot;:&quot;classic&quot;}\">\n\t\t<div class=\"elementor-element elementor-element-e492f22 e-con-full e-flex e-con e-child\" data-id=\"e492f22\" data-element_type=\"container\" data-e-type=\"container\" data-settings=\"{&quot;background_background&quot;:&quot;classic&quot;}\">\n\t\t\t\t<\/div>\n\t\t<div class=\"elementor-element elementor-element-79f9e64 e-con-full e-flex e-con e-child\" data-id=\"79f9e64\" data-element_type=\"container\" data-e-type=\"container\" data-settings=\"{&quot;background_background&quot;:&quot;classic&quot;}\">\n\t\t\t\t<\/div>\n\t\t<div class=\"elementor-element elementor-element-11d3d3a e-con-full e-flex e-con e-child\" data-id=\"11d3d3a\" data-element_type=\"container\" data-e-type=\"container\" data-settings=\"{&quot;background_background&quot;:&quot;classic&quot;}\">\n\t\t\t\t<\/div>\n\t\t<div class=\"elementor-element elementor-element-a8d062a e-con-full e-flex e-con e-child\" data-id=\"a8d062a\" data-element_type=\"container\" data-e-type=\"container\" data-settings=\"{&quot;background_background&quot;:&quot;classic&quot;}\">\n\t\t\t\t<\/div>\n\t\t\t\t<\/div>\n\t\t\t\t<\/div>\n\t\t<div class=\"elementor-element elementor-element-752b2f4 e-con-full e-flex e-con e-parent\" data-id=\"752b2f4\" data-element_type=\"container\" data-e-type=\"container\" data-settings=\"{&quot;background_background&quot;:&quot;classic&quot;}\">\n\t\t\t\t<div class=\"elementor-element elementor-element-71f535d elementor-widget elementor-widget-spacer\" data-id=\"71f535d\" data-element_type=\"widget\" data-e-type=\"widget\" data-widget_type=\"spacer.default\">\n\t\t\t\t<div class=\"elementor-widget-container\">\n\t\t\t\t\t\t\t<div class=\"elementor-spacer\">\n\t\t\t<div class=\"elementor-spacer-inner\"><\/div>\n\t\t<\/div>\n\t\t\t\t\t\t<\/div>\n\t\t\t\t<\/div>\n\t\t\t\t<\/div>\n\t\t\t\t<\/div>\n\t\t","protected":false},"excerpt":{"rendered":"<p>O Mnie Jestem absolwentem Indywidualnych Studi\u00f3w Nauczycielskich na Uniwersytecie \u015al\u0105skim \u2013 unikalnego programu, kt\u00f3ry pozwoli\u0142 mi spojrze\u0107 na edukacj\u0119 z nowej perspektywy. Dzi\u0119ki elastycznej \u015bcie\u017cce kszta\u0142cenia uzyska\u0142em dwa dyplomy: z Matematyki oraz z Pedagogiki opieku\u0144czo-wychowawczej z terapi\u0105 pedagogiczn\u0105. Po\u0142\u0105czenie tych dw\u00f3ch obszar\u00f3w sprawi\u0142o, \u017ce nauczanie matematyki traktuj\u0119 nie tylko jako przekazywanie wiedzy, ale przede wszystkim [&hellip;]<\/p>\n","protected":false},"author":1,"featured_media":805,"parent":0,"menu_order":0,"comment_status":"closed","ping_status":"closed","template":"","meta":{"_eb_attr":"","footnotes":""},"class_list":["post-58","page","type-page","status-publish","has-post-thumbnail","hentry"],"yoast_head":"<!-- This site is optimized with the Yoast SEO plugin v27.2 - https:\/\/yoast.com\/product\/yoast-seo-wordpress\/ -->\n<title>O Mnie - math-hempel.pl<\/title>\n<meta name=\"robots\" content=\"index, follow, max-snippet:-1, max-image-preview:large, max-video-preview:-1\" \/>\n<link rel=\"canonical\" href=\"https:\/\/math-hempel.pl\/index.php\/o-mnie\/\" \/>\n<meta property=\"og:locale\" content=\"pl_PL\" \/>\n<meta property=\"og:type\" content=\"article\" \/>\n<meta property=\"og:title\" content=\"O Mnie - math-hempel.pl\" \/>\n<meta property=\"og:description\" content=\"O Mnie Jestem absolwentem Indywidualnych Studi\u00f3w Nauczycielskich na Uniwersytecie \u015al\u0105skim \u2013 unikalnego programu, kt\u00f3ry pozwoli\u0142 mi spojrze\u0107 na edukacj\u0119 z nowej perspektywy. Dzi\u0119ki elastycznej \u015bcie\u017cce kszta\u0142cenia uzyska\u0142em dwa dyplomy: z Matematyki oraz z Pedagogiki opieku\u0144czo-wychowawczej z terapi\u0105 pedagogiczn\u0105. Po\u0142\u0105czenie tych dw\u00f3ch obszar\u00f3w sprawi\u0142o, \u017ce nauczanie matematyki traktuj\u0119 nie tylko jako przekazywanie wiedzy, ale przede wszystkim [&hellip;]\" \/>\n<meta property=\"og:url\" content=\"https:\/\/math-hempel.pl\/index.php\/o-mnie\/\" \/>\n<meta property=\"og:site_name\" content=\"math-hempel.pl\" \/>\n<meta property=\"article:publisher\" content=\"https:\/\/www.facebook.com\/profile.php?id=100093551768843\" \/>\n<meta property=\"article:modified_time\" content=\"2025-06-14T08:32:01+00:00\" \/>\n<meta property=\"og:image\" content=\"https:\/\/math-hempel.pl\/wp-content\/uploads\/2025\/05\/cropped-logo.jpg\" \/>\n\t<meta property=\"og:image:width\" content=\"512\" \/>\n\t<meta property=\"og:image:height\" content=\"512\" \/>\n\t<meta property=\"og:image:type\" content=\"image\/jpeg\" \/>\n<meta name=\"twitter:card\" content=\"summary_large_image\" \/>\n<meta name=\"twitter:label1\" content=\"Szacowany czas czytania\" \/>\n\t<meta name=\"twitter:data1\" content=\"1 minuta\" \/>\n<script type=\"application\/ld+json\" class=\"yoast-schema-graph\">{\"@context\":\"https:\/\/schema.org\",\"@graph\":[{\"@type\":\"WebPage\",\"@id\":\"https:\/\/math-hempel.pl\/index.php\/o-mnie\/\",\"url\":\"https:\/\/math-hempel.pl\/index.php\/o-mnie\/\",\"name\":\"O Mnie - math-hempel.pl\",\"isPartOf\":{\"@id\":\"https:\/\/math-hempel.pl\/#website\"},\"primaryImageOfPage\":{\"@id\":\"https:\/\/math-hempel.pl\/index.php\/o-mnie\/#primaryimage\"},\"image\":{\"@id\":\"https:\/\/math-hempel.pl\/index.php\/o-mnie\/#primaryimage\"},\"thumbnailUrl\":\"https:\/\/math-hempel.pl\/wp-content\/uploads\/2025\/05\/cropped-logo.jpg\",\"datePublished\":\"2025-05-06T12:26:37+00:00\",\"dateModified\":\"2025-06-14T08:32:01+00:00\",\"breadcrumb\":{\"@id\":\"https:\/\/math-hempel.pl\/index.php\/o-mnie\/#breadcrumb\"},\"inLanguage\":\"pl-PL\",\"potentialAction\":[{\"@type\":\"ReadAction\",\"target\":[\"https:\/\/math-hempel.pl\/index.php\/o-mnie\/\"]}]},{\"@type\":\"ImageObject\",\"inLanguage\":\"pl-PL\",\"@id\":\"https:\/\/math-hempel.pl\/index.php\/o-mnie\/#primaryimage\",\"url\":\"https:\/\/math-hempel.pl\/wp-content\/uploads\/2025\/05\/cropped-logo.jpg\",\"contentUrl\":\"https:\/\/math-hempel.pl\/wp-content\/uploads\/2025\/05\/cropped-logo.jpg\",\"width\":512,\"height\":512},{\"@type\":\"BreadcrumbList\",\"@id\":\"https:\/\/math-hempel.pl\/index.php\/o-mnie\/#breadcrumb\",\"itemListElement\":[{\"@type\":\"ListItem\",\"position\":1,\"name\":\"Strona g\u0142\u00f3wna\",\"item\":\"https:\/\/math-hempel.pl\/\"},{\"@type\":\"ListItem\",\"position\":2,\"name\":\"O Mnie\"}]},{\"@type\":\"WebSite\",\"@id\":\"https:\/\/math-hempel.pl\/#website\",\"url\":\"https:\/\/math-hempel.pl\/\",\"name\":\"math-hempel.pl\",\"description\":\"\",\"publisher\":{\"@id\":\"https:\/\/math-hempel.pl\/#organization\"},\"potentialAction\":[{\"@type\":\"SearchAction\",\"target\":{\"@type\":\"EntryPoint\",\"urlTemplate\":\"https:\/\/math-hempel.pl\/?s={search_term_string}\"},\"query-input\":{\"@type\":\"PropertyValueSpecification\",\"valueRequired\":true,\"valueName\":\"search_term_string\"}}],\"inLanguage\":\"pl-PL\"},{\"@type\":\"Organization\",\"@id\":\"https:\/\/math-hempel.pl\/#organization\",\"name\":\"math-hempel Patryk Hempel\",\"url\":\"https:\/\/math-hempel.pl\/\",\"logo\":{\"@type\":\"ImageObject\",\"inLanguage\":\"pl-PL\",\"@id\":\"https:\/\/math-hempel.pl\/#\/schema\/logo\/image\/\",\"url\":\"https:\/\/math-hempel.pl\/wp-content\/uploads\/2025\/05\/cropped-logo.jpg\",\"contentUrl\":\"https:\/\/math-hempel.pl\/wp-content\/uploads\/2025\/05\/cropped-logo.jpg\",\"width\":512,\"height\":512,\"caption\":\"math-hempel Patryk Hempel\"},\"image\":{\"@id\":\"https:\/\/math-hempel.pl\/#\/schema\/logo\/image\/\"},\"sameAs\":[\"https:\/\/www.facebook.com\/profile.php?id=100093551768843\"]}]}<\/script>\n<!-- \/ Yoast SEO plugin. -->","yoast_head_json":{"title":"O Mnie - math-hempel.pl","robots":{"index":"index","follow":"follow","max-snippet":"max-snippet:-1","max-image-preview":"max-image-preview:large","max-video-preview":"max-video-preview:-1"},"canonical":"https:\/\/math-hempel.pl\/index.php\/o-mnie\/","og_locale":"pl_PL","og_type":"article","og_title":"O Mnie - math-hempel.pl","og_description":"O Mnie Jestem absolwentem Indywidualnych Studi\u00f3w Nauczycielskich na Uniwersytecie \u015al\u0105skim \u2013 unikalnego programu, kt\u00f3ry pozwoli\u0142 mi spojrze\u0107 na edukacj\u0119 z nowej perspektywy. Dzi\u0119ki elastycznej \u015bcie\u017cce kszta\u0142cenia uzyska\u0142em dwa dyplomy: z Matematyki oraz z Pedagogiki opieku\u0144czo-wychowawczej z terapi\u0105 pedagogiczn\u0105. Po\u0142\u0105czenie tych dw\u00f3ch obszar\u00f3w sprawi\u0142o, \u017ce nauczanie matematyki traktuj\u0119 nie tylko jako przekazywanie wiedzy, ale przede wszystkim [&hellip;]","og_url":"https:\/\/math-hempel.pl\/index.php\/o-mnie\/","og_site_name":"math-hempel.pl","article_publisher":"https:\/\/www.facebook.com\/profile.php?id=100093551768843","article_modified_time":"2025-06-14T08:32:01+00:00","og_image":[{"width":512,"height":512,"url":"https:\/\/math-hempel.pl\/wp-content\/uploads\/2025\/05\/cropped-logo.jpg","type":"image\/jpeg"}],"twitter_card":"summary_large_image","twitter_misc":{"Szacowany czas czytania":"1 minuta"},"schema":{"@context":"https:\/\/schema.org","@graph":[{"@type":"WebPage","@id":"https:\/\/math-hempel.pl\/index.php\/o-mnie\/","url":"https:\/\/math-hempel.pl\/index.php\/o-mnie\/","name":"O Mnie - math-hempel.pl","isPartOf":{"@id":"https:\/\/math-hempel.pl\/#website"},"primaryImageOfPage":{"@id":"https:\/\/math-hempel.pl\/index.php\/o-mnie\/#primaryimage"},"image":{"@id":"https:\/\/math-hempel.pl\/index.php\/o-mnie\/#primaryimage"},"thumbnailUrl":"https:\/\/math-hempel.pl\/wp-content\/uploads\/2025\/05\/cropped-logo.jpg","datePublished":"2025-05-06T12:26:37+00:00","dateModified":"2025-06-14T08:32:01+00:00","breadcrumb":{"@id":"https:\/\/math-hempel.pl\/index.php\/o-mnie\/#breadcrumb"},"inLanguage":"pl-PL","potentialAction":[{"@type":"ReadAction","target":["https:\/\/math-hempel.pl\/index.php\/o-mnie\/"]}]},{"@type":"ImageObject","inLanguage":"pl-PL","@id":"https:\/\/math-hempel.pl\/index.php\/o-mnie\/#primaryimage","url":"https:\/\/math-hempel.pl\/wp-content\/uploads\/2025\/05\/cropped-logo.jpg","contentUrl":"https:\/\/math-hempel.pl\/wp-content\/uploads\/2025\/05\/cropped-logo.jpg","width":512,"height":512},{"@type":"BreadcrumbList","@id":"https:\/\/math-hempel.pl\/index.php\/o-mnie\/#breadcrumb","itemListElement":[{"@type":"ListItem","position":1,"name":"Strona g\u0142\u00f3wna","item":"https:\/\/math-hempel.pl\/"},{"@type":"ListItem","position":2,"name":"O Mnie"}]},{"@type":"WebSite","@id":"https:\/\/math-hempel.pl\/#website","url":"https:\/\/math-hempel.pl\/","name":"math-hempel.pl","description":"","publisher":{"@id":"https:\/\/math-hempel.pl\/#organization"},"potentialAction":[{"@type":"SearchAction","target":{"@type":"EntryPoint","urlTemplate":"https:\/\/math-hempel.pl\/?s={search_term_string}"},"query-input":{"@type":"PropertyValueSpecification","valueRequired":true,"valueName":"search_term_string"}}],"inLanguage":"pl-PL"},{"@type":"Organization","@id":"https:\/\/math-hempel.pl\/#organization","name":"math-hempel Patryk Hempel","url":"https:\/\/math-hempel.pl\/","logo":{"@type":"ImageObject","inLanguage":"pl-PL","@id":"https:\/\/math-hempel.pl\/#\/schema\/logo\/image\/","url":"https:\/\/math-hempel.pl\/wp-content\/uploads\/2025\/05\/cropped-logo.jpg","contentUrl":"https:\/\/math-hempel.pl\/wp-content\/uploads\/2025\/05\/cropped-logo.jpg","width":512,"height":512,"caption":"math-hempel Patryk Hempel"},"image":{"@id":"https:\/\/math-hempel.pl\/#\/schema\/logo\/image\/"},"sameAs":["https:\/\/www.facebook.com\/profile.php?id=100093551768843"]}]}},"_links":{"self":[{"href":"https:\/\/math-hempel.pl\/index.php\/wp-json\/wp\/v2\/pages\/58","targetHints":{"allow":["GET"]}}],"collection":[{"href":"https:\/\/math-hempel.pl\/index.php\/wp-json\/wp\/v2\/pages"}],"about":[{"href":"https:\/\/math-hempel.pl\/index.php\/wp-json\/wp\/v2\/types\/page"}],"author":[{"embeddable":true,"href":"https:\/\/math-hempel.pl\/index.php\/wp-json\/wp\/v2\/users\/1"}],"replies":[{"embeddable":true,"href":"https:\/\/math-hempel.pl\/index.php\/wp-json\/wp\/v2\/comments?post=58"}],"version-history":[{"count":107,"href":"https:\/\/math-hempel.pl\/index.php\/wp-json\/wp\/v2\/pages\/58\/revisions"}],"predecessor-version":[{"id":818,"href":"https:\/\/math-hempel.pl\/index.php\/wp-json\/wp\/v2\/pages\/58\/revisions\/818"}],"wp:featuredmedia":[{"embeddable":true,"href":"https:\/\/math-hempel.pl\/index.php\/wp-json\/wp\/v2\/media\/805"}],"wp:attachment":[{"href":"https:\/\/math-hempel.pl\/index.php\/wp-json\/wp\/v2\/media?parent=58"}],"curies":[{"name":"wp","href":"https:\/\/api.w.org\/{rel}","templated":true}]}}